{"id":21854,"date":"2022-11-08T08:48:59","date_gmt":"2022-11-08T08:48:59","guid":{"rendered":"https:\/\/www.suresmile.com\/fr-fr\/?page_id=21854"},"modified":"2023-05-02T09:01:03","modified_gmt":"2023-05-02T09:01:03","slug":"suresmile-treatment-costs","status":"publish","type":"page","link":"https:\/\/www.suresmile.com\/fr-fr\/suresmile-treatment-costs\/","title":{"rendered":"SureSmile\u00ae Treatment Costs"},"content":{"rendered":"\t\t<div data-elementor-type=\"wp-page\" data-elementor-id=\"21854\" class=\"elementor elementor-21854\" data-elementor-post-type=\"page\">\n\t\t\t\t\t\t<section class=\"elementor-section elementor-top-section elementor-element elementor-element-87372dc elementor-section-height-min-height elementor-section-stretched elementor-hidden-tablet elementor-hidden-phone elementor-section-boxed elementor-section-height-default elementor-section-items-middle\" data-id=\"87372dc\" data-element_type=\"section\" data-settings=\"{&quot;background_background&quot;:&quot;classic&quot;,&quot;stretch_section&quot;:&quot;section-stretched&quot;}\">\n\t\t\t\t\t\t<div class=\"elementor-container elementor-column-gap-extended\">\n\t\t\t\t\t<div class=\"elementor-column elementor-col-50 elementor-top-column elementor-element elementor-element-97662e8\" data-id=\"97662e8\" data-element_type=\"column\">\n\t\t\t<div class=\"elementor-widget-wrap elementor-element-populated\">\n\t\t\t\t\t<div class=\"elementor-background-overlay\"><\/div>\n\t\t\t\t\t\t<div class=\"elementor-element elementor-element-ca4b8fb elementor-widget elementor-widget-heading\" data-id=\"ca4b8fb\" data-element_type=\"widget\" data-widget_type=\"heading.default\">\n\t\t\t\t<div class=\"elementor-widget-container\">\n\t\t\t\t\t<h1 class=\"elementor-heading-title elementor-size-default\">Co\u00fbts du traitement SureSmile<sup>\u00ae<\/sup><\/h1>\t\t\t\t<\/div>\n\t\t\t\t<\/div>\n\t\t\t\t\t<\/div>\n\t\t<\/div>\n\t\t\t\t<div class=\"elementor-column elementor-col-50 elementor-top-column elementor-element elementor-element-30ce84d\" data-id=\"30ce84d\" data-element_type=\"column\">\n\t\t\t<div class=\"elementor-widget-wrap\">\n\t\t\t\t\t\t\t<\/div>\n\t\t<\/div>\n\t\t\t\t\t<\/div>\n\t\t<\/section>\n\t\t\t\t<section class=\"elementor-section elementor-top-section elementor-element elementor-element-3980b4b elementor-section-height-min-height elementor-section-items-top elementor-section-stretched elementor-hidden-desktop elementor-section-boxed elementor-section-height-default\" data-id=\"3980b4b\" data-element_type=\"section\" data-settings=\"{&quot;background_background&quot;:&quot;classic&quot;,&quot;stretch_section&quot;:&quot;section-stretched&quot;}\">\n\t\t\t\t\t\t<div class=\"elementor-container elementor-column-gap-extended\">\n\t\t\t\t\t<div class=\"elementor-column elementor-col-50 elementor-top-column elementor-element elementor-element-931295f\" data-id=\"931295f\" data-element_type=\"column\">\n\t\t\t<div class=\"elementor-widget-wrap elementor-element-populated\">\n\t\t\t\t\t<div class=\"elementor-background-overlay\"><\/div>\n\t\t\t\t\t\t<div class=\"elementor-element elementor-element-630cf99 elementor-widget elementor-widget-heading\" data-id=\"630cf99\" data-element_type=\"widget\" data-widget_type=\"heading.default\">\n\t\t\t\t<div class=\"elementor-widget-container\">\n\t\t\t\t\t<h1 class=\"elementor-heading-title elementor-size-default\">Co\u00fbts du traitement SureSmile<sup>\u00ae<\/sup><\/h1>\t\t\t\t<\/div>\n\t\t\t\t<\/div>\n\t\t\t\t\t<\/div>\n\t\t<\/div>\n\t\t\t\t<div class=\"elementor-column elementor-col-50 elementor-top-column elementor-element elementor-element-d937ee5\" data-id=\"d937ee5\" data-element_type=\"column\">\n\t\t\t<div class=\"elementor-widget-wrap\">\n\t\t\t\t\t\t\t<\/div>\n\t\t<\/div>\n\t\t\t\t\t<\/div>\n\t\t<\/section>\n\t\t\t\t<section class=\"elementor-section elementor-top-section elementor-element elementor-element-13a642f elementor-section-stretched elementor-section-boxed elementor-section-height-default elementor-section-height-default\" data-id=\"13a642f\" data-element_type=\"section\" data-settings=\"{&quot;stretch_section&quot;:&quot;section-stretched&quot;,&quot;background_background&quot;:&quot;classic&quot;}\">\n\t\t\t\t\t\t<div class=\"elementor-container elementor-column-gap-default\">\n\t\t\t\t\t<div class=\"elementor-column elementor-col-100 elementor-top-column elementor-element elementor-element-679e9d8\" data-id=\"679e9d8\" data-element_type=\"column\">\n\t\t\t<div class=\"elementor-widget-wrap elementor-element-populated\">\n\t\t\t\t\t\t<div class=\"elementor-element elementor-element-5030fe4 elementor-widget elementor-widget-heading\" data-id=\"5030fe4\" data-element_type=\"widget\" data-widget_type=\"heading.default\">\n\t\t\t\t<div class=\"elementor-widget-container\">\n\t\t\t\t\t<h2 class=\"elementor-heading-title elementor-size-default\">Aucun sourire n'est identique, le co\u00fbt de votre traitement d\u00e9pendra donc du plan sur lequel vous vous serez mis d'accord avec votre praticien.<\/h2>\t\t\t\t<\/div>\n\t\t\t\t<\/div>\n\t\t\t\t<div class=\"elementor-element elementor-element-7fac089 elementor-widget elementor-widget-text-editor\" data-id=\"7fac089\" data-element_type=\"widget\" data-widget_type=\"text-editor.default\">\n\t\t\t\t<div class=\"elementor-widget-container\">\n\t\t\t\t\t\t\t\t\tConsultez un praticien SureSmile<sup>\u00ae<\/sup> pour conna\u00eetre les options de paiement et de financement. Comme chaque cas est diff\u00e9rent, le co\u00fbt total de votre nouveau sourire d\u00e9pendra du plan de traitement sur lequel vous vous serez mis d&#8217;accord avec votre praticien. Assurez-vous de discuter du co\u00fbt, des options de remboursement lors de votre consultation initiale.\t\t\t\t\t\t\t\t<\/div>\n\t\t\t\t<\/div>\n\t\t\t\t\t<\/div>\n\t\t<\/div>\n\t\t\t\t\t<\/div>\n\t\t<\/section>\n\t\t\t\t<section class=\"elementor-section elementor-top-section elementor-element elementor-element-584f3af elementor-section-stretched elementor-section-boxed elementor-section-height-default elementor-section-height-default\" data-id=\"584f3af\" data-element_type=\"section\" data-settings=\"{&quot;stretch_section&quot;:&quot;section-stretched&quot;,&quot;background_background&quot;:&quot;classic&quot;}\">\n\t\t\t\t\t\t<div class=\"elementor-container elementor-column-gap-default\">\n\t\t\t\t\t<div class=\"elementor-column elementor-col-100 elementor-top-column elementor-element elementor-element-84be5d8\" data-id=\"84be5d8\" data-element_type=\"column\">\n\t\t\t<div class=\"elementor-widget-wrap elementor-element-populated\">\n\t\t\t\t\t\t<div class=\"elementor-element elementor-element-d73c661 elementor-widget elementor-widget-text-editor\" data-id=\"d73c661\" data-element_type=\"widget\" data-widget_type=\"text-editor.default\">\n\t\t\t\t<div class=\"elementor-widget-container\">\n\t\t\t\t\t\t\t\t\t<p>Les informations contenues dans ce site ne sont pas destin\u00e9es \u00e0 remplacer un avis, un diagnostic ou un traitement m\u00e9dical professionnel. Tout le contenu, y compris les tests, les graphiques, les images et les informations, figurant sur ce site Web ou disponibles par son interm\u00e9diaire, est destin\u00e9 \u00e0 des fins g\u00e9n\u00e9rales uniquement. Consultez vos professionnels dentaires pour savoir si les Aligneurs SureSmile<sup>\u00ae<\/sup> vous conviennent.<\/p>\t\t\t\t\t\t\t\t<\/div>\n\t\t\t\t<\/div>\n\t\t\t\t\t<\/div>\n\t\t<\/div>\n\t\t\t\t\t<\/div>\n\t\t<\/section>\n\t\t\t\t<section class=\"elementor-section elementor-top-section elementor-element elementor-element-0be1590 elementor-section-boxed elementor-section-height-default elementor-section-height-default\" data-id=\"0be1590\" data-element_type=\"section\">\n\t\t\t\t\t\t<div class=\"elementor-container elementor-column-gap-default\">\n\t\t\t\t\t<div class=\"elementor-column elementor-col-100 elementor-top-column elementor-element elementor-element-0c1f9bf\" data-id=\"0c1f9bf\" data-element_type=\"column\">\n\t\t\t<div class=\"elementor-widget-wrap elementor-element-populated\">\n\t\t\t\t\t\t<div class=\"elementor-element elementor-element-bd9c217 elementor-widget elementor-widget-menu-anchor\" data-id=\"bd9c217\" data-element_type=\"widget\" data-widget_type=\"menu-anchor.default\">\n\t\t\t\t<div class=\"elementor-widget-container\">\n\t\t\t\t\t\t\t<div class=\"elementor-menu-anchor\" id=\"source\"><\/div>\n\t\t\t\t\t\t<\/div>\n\t\t\t\t<\/div>\n\t\t\t\t<div class=\"elementor-element elementor-element-a6760c2 elementor-widget elementor-widget-text-editor\" data-id=\"a6760c2\" data-element_type=\"widget\" data-widget_type=\"text-editor.default\">\n\t\t\t\t<div class=\"elementor-widget-container\">\n\t\t\t\t\t\t\t\t\t<p>Ces dispositifs m\u00e9dicaux sont des produits de sant\u00e9 r\u00e9glement\u00e9s.\u00a0<\/p><p>Les <strong>Aligneurs SureSmile<sup>\u00ae<\/sup><\/strong> sont des dispositifs m\u00e9dicaux sur mesure. Ce sont des goutti\u00e8res en plastique transparent de marque ESSIX utilis\u00e9es pour des traitements orthodontiques sur mesure. Ces produits ne peuvent \u00eatre prescrits qu&#8217;apr\u00e8s une consultation chez un professionnel de sant\u00e9 bucco-dentaire. Veuillez lire attentivement la notice. Fabricant : Orametrix Inc.<br \/><strong>SureSmile<sup>\u00ae<\/sup> VPro\u2122<\/strong> est un dispositif m\u00e9dical qui porte, au titre de la r\u00e9glementation, le marquage CE2797. Dispositif \u00e0 vibrations \u00e0 haute fr\u00e9quence (HFV) destin\u00e9 aux patients qui suivent un traitement orthodontique avec des aligneurs pour faciliter les mouvements mineurs des dents ant\u00e9rieures. Fabricant\u00a0: Dentsply LLC<br \/>Les <strong>Contentions SureSmile<sup>\u00ae<\/sup><\/strong> sont des dispositifs m\u00e9dicaux sur mesure. Ce sont des goutti\u00e8res en plastique transparent de marque ESSIX utilis\u00e9es pour la contention et la pr\u00e9vention des r\u00e9cidives \u00e0 la fin d\u2019un traitement orthodontique. Ces produits ne peuvent \u00eatre prescrits qu&#8217;apr\u00e8s une consultation chez un professionnel de sant\u00e9 bucco-dentaire. Veuillez lire attentivement la notice. Fabricant : Orametrix Inc. Rev : 05\/2023Orthodontics Inc. Rev : 04\/2023<\/p>\t\t\t\t\t\t\t\t<\/div>\n\t\t\t\t<\/div>\n\t\t\t\t\t<\/div>\n\t\t<\/div>\n\t\t\t\t\t<\/div>\n\t\t<\/section>\n\t\t\t\t<\/div>\n\t\t","protected":false},"excerpt":{"rendered":"<p>Co\u00fbts du traitement SureSmile\u00ae Co\u00fbts du traitement SureSmile\u00ae Aucun sourire n&#8217;est identique, le co\u00fbt de votre traitement d\u00e9pendra donc du plan sur lequel vous vous serez mis d&#8217;accord avec votre praticien. Consultez un praticien SureSmile\u00ae pour conna\u00eetre les options de paiement et de financement. Comme chaque cas est diff\u00e9rent, le co\u00fbt total de votre nouveau [&hellip;]<\/p>\n","protected":false},"author":19,"featured_media":0,"parent":0,"menu_order":0,"comment_status":"closed","ping_status":"closed","template":"","meta":{"ocean_post_layout":"","ocean_both_sidebars_style":"","ocean_both_sidebars_content_width":0,"ocean_both_sidebars_sidebars_width":0,"ocean_sidebar":"0","ocean_second_sidebar":"0","ocean_disable_margins":"enable","ocean_add_body_class":"","ocean_shortcode_before_top_bar":"","ocean_shortcode_after_top_bar":"","ocean_shortcode_before_header":"","ocean_shortcode_after_header":"","ocean_has_shortcode":"","ocean_shortcode_after_title":"","ocean_shortcode_before_footer_widgets":"","ocean_shortcode_after_footer_widgets":"","ocean_shortcode_before_footer_bottom":"","ocean_shortcode_after_footer_bottom":"","ocean_display_top_bar":"default","ocean_display_header":"default","ocean_header_style":"","ocean_center_header_left_menu":"0","ocean_custom_header_template":"0","ocean_custom_logo":0,"ocean_custom_retina_logo":0,"ocean_custom_logo_max_width":0,"ocean_custom_logo_tablet_max_width":0,"ocean_custom_logo_mobile_max_width":0,"ocean_custom_logo_max_height":0,"ocean_custom_logo_tablet_max_height":0,"ocean_custom_logo_mobile_max_height":0,"ocean_header_custom_menu":"0","ocean_menu_typo_font_family":"0","ocean_menu_typo_font_subset":"","ocean_menu_typo_font_size":0,"ocean_menu_typo_font_size_tablet":0,"ocean_menu_typo_font_size_mobile":0,"ocean_menu_typo_font_size_unit":"px","ocean_menu_typo_font_weight":"","ocean_menu_typo_font_weight_tablet":"","ocean_menu_typo_font_weight_mobile":"","ocean_menu_typo_transform":"","ocean_menu_typo_transform_tablet":"","ocean_menu_typo_transform_mobile":"","ocean_menu_typo_line_height":0,"ocean_menu_typo_line_height_tablet":0,"ocean_menu_typo_line_height_mobile":0,"ocean_menu_typo_line_height_unit":"","ocean_menu_typo_spacing":0,"ocean_menu_typo_spacing_tablet":0,"ocean_menu_typo_spacing_mobile":0,"ocean_menu_typo_spacing_unit":"","ocean_menu_link_color":"","ocean_menu_link_color_hover":"","ocean_menu_link_color_active":"","ocean_menu_link_background":"","ocean_menu_link_hover_background":"","ocean_menu_link_active_background":"","ocean_menu_social_links_bg":"","ocean_menu_social_hover_links_bg":"","ocean_menu_social_links_color":"","ocean_menu_social_hover_links_color":"","ocean_disable_title":"default","ocean_disable_heading":"default","ocean_post_title":"","ocean_post_subheading":"","ocean_post_title_style":"","ocean_post_title_background_color":"","ocean_post_title_background":0,"ocean_post_title_bg_image_position":"","ocean_post_title_bg_image_attachment":"","ocean_post_title_bg_image_repeat":"","ocean_post_title_bg_image_size":"","ocean_post_title_height":0,"ocean_post_title_bg_overlay":0.5,"ocean_post_title_bg_overlay_color":"","ocean_disable_breadcrumbs":"default","ocean_breadcrumbs_color":"","ocean_breadcrumbs_separator_color":"","ocean_breadcrumbs_links_color":"","ocean_breadcrumbs_links_hover_color":"","ocean_display_footer_widgets":"default","ocean_display_footer_bottom":"default","ocean_custom_footer_template":"0","footnotes":""},"class_list":["post-21854","page","type-page","status-publish","hentry","entry"],"yoast_head":"<!-- This site is optimized with the Yoast SEO plugin v24.7 - https:\/\/yoast.com\/wordpress\/plugins\/seo\/ -->\n<title>SureSmile\u00ae Treatment Costs - SureSmile France<\/title>\n<meta name=\"robots\" content=\"index, follow, max-snippet:-1, max-image-preview:large, max-video-preview:-1\" \/>\n<link rel=\"canonical\" href=\"https:\/\/www.suresmile.com\/fr-fr\/suresmile-treatment-costs\/\" \/>\n<meta property=\"og:locale\" content=\"en_US\" \/>\n<meta property=\"og:type\" content=\"article\" \/>\n<meta property=\"og:title\" content=\"SureSmile\u00ae Treatment Costs - SureSmile France\" \/>\n<meta property=\"og:description\" content=\"Co\u00fbts du traitement SureSmile\u00ae Co\u00fbts du traitement SureSmile\u00ae Aucun sourire n&#8217;est identique, le co\u00fbt de votre traitement d\u00e9pendra donc du plan sur lequel vous vous serez mis d&#8217;accord avec votre praticien. Consultez un praticien SureSmile\u00ae pour conna\u00eetre les options de paiement et de financement. Comme chaque cas est diff\u00e9rent, le co\u00fbt total de votre nouveau [&hellip;]\" \/>\n<meta property=\"og:url\" content=\"https:\/\/www.suresmile.com\/fr-fr\/suresmile-treatment-costs\/\" \/>\n<meta property=\"og:site_name\" content=\"SureSmile France\" \/>\n<meta property=\"article:modified_time\" content=\"2023-05-02T09:01:03+00:00\" \/>\n<meta name=\"twitter:card\" content=\"summary_large_image\" \/>\n<meta name=\"twitter:label1\" content=\"Est. reading time\" \/>\n\t<meta name=\"twitter:data1\" content=\"2 minutes\" \/>\n<script type=\"application\/ld+json\" class=\"yoast-schema-graph\">{\"@context\":\"https:\/\/schema.org\",\"@graph\":[{\"@type\":\"WebPage\",\"@id\":\"https:\/\/www.suresmile.com\/fr-fr\/suresmile-treatment-costs\/\",\"url\":\"https:\/\/www.suresmile.com\/fr-fr\/suresmile-treatment-costs\/\",\"name\":\"SureSmile\u00ae Treatment Costs - SureSmile France\",\"isPartOf\":{\"@id\":\"https:\/\/www.suresmile.com\/fr-fr\/#website\"},\"datePublished\":\"2022-11-08T08:48:59+00:00\",\"dateModified\":\"2023-05-02T09:01:03+00:00\",\"breadcrumb\":{\"@id\":\"https:\/\/www.suresmile.com\/fr-fr\/suresmile-treatment-costs\/#breadcrumb\"},\"inLanguage\":\"en-US\",\"potentialAction\":[{\"@type\":\"ReadAction\",\"target\":[\"https:\/\/www.suresmile.com\/fr-fr\/suresmile-treatment-costs\/\"]}]},{\"@type\":\"BreadcrumbList\",\"@id\":\"https:\/\/www.suresmile.com\/fr-fr\/suresmile-treatment-costs\/#breadcrumb\",\"itemListElement\":[{\"@type\":\"ListItem\",\"position\":1,\"name\":\"Home\",\"item\":\"https:\/\/www.suresmile.com\/fr-fr\/\"},{\"@type\":\"ListItem\",\"position\":2,\"name\":\"SureSmile\u00ae Treatment Costs\"}]},{\"@type\":\"WebSite\",\"@id\":\"https:\/\/www.suresmile.com\/fr-fr\/#website\",\"url\":\"https:\/\/www.suresmile.com\/fr-fr\/\",\"name\":\"SureSmile France\",\"description\":\"\",\"publisher\":{\"@id\":\"https:\/\/www.suresmile.com\/fr-fr\/#organization\"},\"potentialAction\":[{\"@type\":\"SearchAction\",\"target\":{\"@type\":\"EntryPoint\",\"urlTemplate\":\"https:\/\/www.suresmile.com\/fr-fr\/?s={search_term_string}\"},\"query-input\":{\"@type\":\"PropertyValueSpecification\",\"valueRequired\":true,\"valueName\":\"search_term_string\"}}],\"inLanguage\":\"en-US\"},{\"@type\":\"Organization\",\"@id\":\"https:\/\/www.suresmile.com\/fr-fr\/#organization\",\"name\":\"SureSmile France\",\"url\":\"https:\/\/www.suresmile.com\/fr-fr\/\",\"logo\":{\"@type\":\"ImageObject\",\"inLanguage\":\"en-US\",\"@id\":\"https:\/\/www.suresmile.com\/fr-fr\/#\/schema\/logo\/image\/\",\"url\":\"https:\/\/www.suresmile.com\/fr-fr\/wp-content\/uploads\/sites\/39\/2024\/11\/cropped-SS-Logo_Gray.png\",\"contentUrl\":\"https:\/\/www.suresmile.com\/fr-fr\/wp-content\/uploads\/sites\/39\/2024\/11\/cropped-SS-Logo_Gray.png\",\"width\":1200,\"height\":234,\"caption\":\"SureSmile France\"},\"image\":{\"@id\":\"https:\/\/www.suresmile.com\/fr-fr\/#\/schema\/logo\/image\/\"}}]}<\/script>\n<!-- \/ Yoast SEO plugin. -->","yoast_head_json":{"title":"SureSmile\u00ae Treatment Costs - SureSmile France","robots":{"index":"index","follow":"follow","max-snippet":"max-snippet:-1","max-image-preview":"max-image-preview:large","max-video-preview":"max-video-preview:-1"},"canonical":"https:\/\/www.suresmile.com\/fr-fr\/suresmile-treatment-costs\/","og_locale":"en_US","og_type":"article","og_title":"SureSmile\u00ae Treatment Costs - SureSmile France","og_description":"Co\u00fbts du traitement SureSmile\u00ae Co\u00fbts du traitement SureSmile\u00ae Aucun sourire n&#8217;est identique, le co\u00fbt de votre traitement d\u00e9pendra donc du plan sur lequel vous vous serez mis d&#8217;accord avec votre praticien. Consultez un praticien SureSmile\u00ae pour conna\u00eetre les options de paiement et de financement. Comme chaque cas est diff\u00e9rent, le co\u00fbt total de votre nouveau [&hellip;]","og_url":"https:\/\/www.suresmile.com\/fr-fr\/suresmile-treatment-costs\/","og_site_name":"SureSmile France","article_modified_time":"2023-05-02T09:01:03+00:00","twitter_card":"summary_large_image","twitter_misc":{"Est. reading time":"2 minutes"},"schema":{"@context":"https:\/\/schema.org","@graph":[{"@type":"WebPage","@id":"https:\/\/www.suresmile.com\/fr-fr\/suresmile-treatment-costs\/","url":"https:\/\/www.suresmile.com\/fr-fr\/suresmile-treatment-costs\/","name":"SureSmile\u00ae Treatment Costs - SureSmile France","isPartOf":{"@id":"https:\/\/www.suresmile.com\/fr-fr\/#website"},"datePublished":"2022-11-08T08:48:59+00:00","dateModified":"2023-05-02T09:01:03+00:00","breadcrumb":{"@id":"https:\/\/www.suresmile.com\/fr-fr\/suresmile-treatment-costs\/#breadcrumb"},"inLanguage":"en-US","potentialAction":[{"@type":"ReadAction","target":["https:\/\/www.suresmile.com\/fr-fr\/suresmile-treatment-costs\/"]}]},{"@type":"BreadcrumbList","@id":"https:\/\/www.suresmile.com\/fr-fr\/suresmile-treatment-costs\/#breadcrumb","itemListElement":[{"@type":"ListItem","position":1,"name":"Home","item":"https:\/\/www.suresmile.com\/fr-fr\/"},{"@type":"ListItem","position":2,"name":"SureSmile\u00ae Treatment Costs"}]},{"@type":"WebSite","@id":"https:\/\/www.suresmile.com\/fr-fr\/#website","url":"https:\/\/www.suresmile.com\/fr-fr\/","name":"SureSmile France","description":"","publisher":{"@id":"https:\/\/www.suresmile.com\/fr-fr\/#organization"},"potentialAction":[{"@type":"SearchAction","target":{"@type":"EntryPoint","urlTemplate":"https:\/\/www.suresmile.com\/fr-fr\/?s={search_term_string}"},"query-input":{"@type":"PropertyValueSpecification","valueRequired":true,"valueName":"search_term_string"}}],"inLanguage":"en-US"},{"@type":"Organization","@id":"https:\/\/www.suresmile.com\/fr-fr\/#organization","name":"SureSmile France","url":"https:\/\/www.suresmile.com\/fr-fr\/","logo":{"@type":"ImageObject","inLanguage":"en-US","@id":"https:\/\/www.suresmile.com\/fr-fr\/#\/schema\/logo\/image\/","url":"https:\/\/www.suresmile.com\/fr-fr\/wp-content\/uploads\/sites\/39\/2024\/11\/cropped-SS-Logo_Gray.png","contentUrl":"https:\/\/www.suresmile.com\/fr-fr\/wp-content\/uploads\/sites\/39\/2024\/11\/cropped-SS-Logo_Gray.png","width":1200,"height":234,"caption":"SureSmile France"},"image":{"@id":"https:\/\/www.suresmile.com\/fr-fr\/#\/schema\/logo\/image\/"}}]}},"_links":{"self":[{"href":"https:\/\/www.suresmile.com\/fr-fr\/wp-json\/wp\/v2\/pages\/21854","targetHints":{"allow":["GET"]}}],"collection":[{"href":"https:\/\/www.suresmile.com\/fr-fr\/wp-json\/wp\/v2\/pages"}],"about":[{"href":"https:\/\/www.suresmile.com\/fr-fr\/wp-json\/wp\/v2\/types\/page"}],"author":[{"embeddable":true,"href":"https:\/\/www.suresmile.com\/fr-fr\/wp-json\/wp\/v2\/users\/19"}],"replies":[{"embeddable":true,"href":"https:\/\/www.suresmile.com\/fr-fr\/wp-json\/wp\/v2\/comments?post=21854"}],"version-history":[{"count":31,"href":"https:\/\/www.suresmile.com\/fr-fr\/wp-json\/wp\/v2\/pages\/21854\/revisions"}],"predecessor-version":[{"id":23994,"href":"https:\/\/www.suresmile.com\/fr-fr\/wp-json\/wp\/v2\/pages\/21854\/revisions\/23994"}],"wp:attachment":[{"href":"https:\/\/www.suresmile.com\/fr-fr\/wp-json\/wp\/v2\/media?parent=21854"}],"curies":[{"name":"wp","href":"https:\/\/api.w.org\/{rel}","templated":true}]}}