{"id":23149,"date":"2023-03-14T14:56:44","date_gmt":"2023-03-14T14:56:44","guid":{"rendered":"https:\/\/www.suresmile.com\/fr-fr\/?page_id=23149"},"modified":"2023-05-02T09:04:40","modified_gmt":"2023-05-02T09:04:40","slug":"crooked-teeth","status":"publish","type":"page","link":"https:\/\/www.suresmile.com\/fr-fr\/crooked-teeth\/","title":{"rendered":"Crooked Teeth"},"content":{"rendered":"\t\t<div data-elementor-type=\"wp-page\" data-elementor-id=\"23149\" class=\"elementor elementor-23149\" data-elementor-post-type=\"page\">\n\t\t\t\t\t\t<section class=\"elementor-section elementor-top-section elementor-element elementor-element-cbe7221 elementor-section-height-min-height elementor-section-content-middle elementor-section-stretched elementor-section-boxed elementor-section-height-default elementor-section-items-middle\" data-id=\"cbe7221\" data-element_type=\"section\" data-settings=\"{&quot;background_background&quot;:&quot;classic&quot;,&quot;stretch_section&quot;:&quot;section-stretched&quot;}\">\n\t\t\t\t\t\t<div class=\"elementor-container elementor-column-gap-extended\">\n\t\t\t\t\t<div class=\"elementor-column elementor-col-100 elementor-top-column elementor-element elementor-element-d1d882a\" data-id=\"d1d882a\" data-element_type=\"column\">\n\t\t\t<div class=\"elementor-widget-wrap elementor-element-populated\">\n\t\t\t\t\t<div class=\"elementor-background-overlay\"><\/div>\n\t\t\t\t\t\t<div class=\"elementor-element elementor-element-cb8bcda elementor-widget elementor-widget-heading\" data-id=\"cb8bcda\" data-element_type=\"widget\" data-widget_type=\"heading.default\">\n\t\t\t\t<div class=\"elementor-widget-container\">\n\t\t\t\t\t<h1 class=\"elementor-heading-title elementor-size-default\">Malocclusion<\/h1>\t\t\t\t<\/div>\n\t\t\t\t<\/div>\n\t\t\t\t\t<\/div>\n\t\t<\/div>\n\t\t\t\t\t<\/div>\n\t\t<\/section>\n\t\t\t\t<section class=\"elementor-section elementor-top-section elementor-element elementor-element-b66c7c4 elementor-section-stretched elementor-section-boxed elementor-section-height-default elementor-section-height-default\" data-id=\"b66c7c4\" data-element_type=\"section\" data-settings=\"{&quot;stretch_section&quot;:&quot;section-stretched&quot;}\">\n\t\t\t\t\t\t<div class=\"elementor-container elementor-column-gap-extended\">\n\t\t\t\t\t<div class=\"elementor-column elementor-col-50 elementor-top-column elementor-element elementor-element-e3cdca1\" data-id=\"e3cdca1\" data-element_type=\"column\" data-settings=\"{&quot;background_background&quot;:&quot;classic&quot;}\">\n\t\t\t<div class=\"elementor-widget-wrap elementor-element-populated\">\n\t\t\t\t\t\t<div class=\"elementor-element elementor-element-03d7f2a elementor-widget elementor-widget-heading\" data-id=\"03d7f2a\" data-element_type=\"widget\" data-widget_type=\"heading.default\">\n\t\t\t\t<div class=\"elementor-widget-container\">\n\t\t\t\t\t<h2 class=\"elementor-heading-title elementor-size-default\">Qu'est ce qu'une malocclusion ?<\/h2>\t\t\t\t<\/div>\n\t\t\t\t<\/div>\n\t\t\t\t<div class=\"elementor-element elementor-element-35c047a elementor-widget elementor-widget-text-editor\" data-id=\"35c047a\" data-element_type=\"widget\" data-widget_type=\"text-editor.default\">\n\t\t\t\t<div class=\"elementor-widget-container\">\n\t\t\t\t\t\t\t\t\tTout type de d\u00e9salignement qui a un impact sur l&#8217;espacement, la direction ou l&#8217;emplacement des dents d&#8217;une personne est consid\u00e9r\u00e9 comme une dent de travers.  Les praticiens peuvent d\u00e9crire les dents de travers en identifiant le type d&#8217;occlusion d&#8217;une personne. Les sous-occlusions, les surocclusions, les occlusions crois\u00e9es, les b\u00e9ances, les dents manquantes et les encombrements sont tous des types de dents de travers.\t\t\t\t\t\t\t\t<\/div>\n\t\t\t\t<\/div>\n\t\t\t\t\t<\/div>\n\t\t<\/div>\n\t\t\t\t<div class=\"elementor-column elementor-col-50 elementor-top-column elementor-element elementor-element-f4e8478 elementor-hidden-phone elementor-hidden-tablet\" data-id=\"f4e8478\" data-element_type=\"column\" data-settings=\"{&quot;background_background&quot;:&quot;classic&quot;}\">\n\t\t\t<div class=\"elementor-widget-wrap\">\n\t\t\t\t\t\t\t<\/div>\n\t\t<\/div>\n\t\t\t\t\t<\/div>\n\t\t<\/section>\n\t\t\t\t<section class=\"elementor-section elementor-top-section elementor-element elementor-element-0665315 elementor-section-full_width elementor-section-stretched elementor-hidden-desktop elementor-section-height-default elementor-section-height-default\" data-id=\"0665315\" data-element_type=\"section\" data-settings=\"{&quot;stretch_section&quot;:&quot;section-stretched&quot;}\">\n\t\t\t\t\t\t<div class=\"elementor-container elementor-column-gap-default\">\n\t\t\t\t\t<div class=\"elementor-column elementor-col-100 elementor-top-column elementor-element elementor-element-c68cb33\" data-id=\"c68cb33\" data-element_type=\"column\">\n\t\t\t<div class=\"elementor-widget-wrap elementor-element-populated\">\n\t\t\t\t\t\t<div class=\"elementor-element elementor-element-274ff1c elementor-hidden-desktop elementor-hidden-tablet elementor-widget elementor-widget-image\" data-id=\"274ff1c\" data-element_type=\"widget\" data-widget_type=\"image.default\">\n\t\t\t\t<div class=\"elementor-widget-container\">\n\t\t\t\t\t\t\t\t\t\t\t\t\t\t\t<img decoding=\"async\" src=\"https:\/\/www.suresmile.com\/en-us\/wp-content\/uploads\/sites\/13\/2022\/07\/treatable-cases_SS_treatable-cases_crooked.png\" title=\"\" alt=\"\" loading=\"lazy\" \/>\t\t\t\t\t\t\t\t\t\t\t\t\t\t\t<\/div>\n\t\t\t\t<\/div>\n\t\t\t\t\t<\/div>\n\t\t<\/div>\n\t\t\t\t\t<\/div>\n\t\t<\/section>\n\t\t\t\t<section class=\"elementor-section elementor-top-section elementor-element elementor-element-2a60146 elementor-section-stretched elementor-section-boxed elementor-section-height-default elementor-section-height-default\" data-id=\"2a60146\" data-element_type=\"section\" data-settings=\"{&quot;stretch_section&quot;:&quot;section-stretched&quot;,&quot;background_background&quot;:&quot;classic&quot;}\">\n\t\t\t\t\t\t<div class=\"elementor-container elementor-column-gap-default\">\n\t\t\t\t\t<div class=\"elementor-column elementor-col-100 elementor-top-column elementor-element elementor-element-7dfc2e4\" data-id=\"7dfc2e4\" data-element_type=\"column\" data-settings=\"{&quot;background_background&quot;:&quot;classic&quot;}\">\n\t\t\t<div class=\"elementor-widget-wrap elementor-element-populated\">\n\t\t\t\t\t\t<div class=\"elementor-element elementor-element-1752dac elementor-widget elementor-widget-heading\" data-id=\"1752dac\" data-element_type=\"widget\" data-widget_type=\"heading.default\">\n\t\t\t\t<div class=\"elementor-widget-container\">\n\t\t\t\t\t<h2 class=\"elementor-heading-title elementor-size-default\">Foire Aux Questions<\/h2>\t\t\t\t<\/div>\n\t\t\t\t<\/div>\n\t\t\t\t<div class=\"elementor-element elementor-element-0706cad elementor-widget elementor-widget-toggle\" data-id=\"0706cad\" data-element_type=\"widget\" data-widget_type=\"toggle.default\">\n\t\t\t\t<div class=\"elementor-widget-container\">\n\t\t\t\t\t\t\t<div class=\"elementor-toggle\">\n\t\t\t\t\t\t\t<div class=\"elementor-toggle-item\">\n\t\t\t\t\t<div id=\"elementor-tab-title-7361\" class=\"elementor-tab-title\" data-tab=\"1\" role=\"button\" aria-controls=\"elementor-tab-content-7361\" aria-expanded=\"false\">\n\t\t\t\t\t\t\t\t\t\t\t\t<span class=\"elementor-toggle-icon elementor-toggle-icon-right\" aria-hidden=\"true\">\n\t\t\t\t\t\t\t\t\t\t\t\t\t\t\t<span class=\"elementor-toggle-icon-closed\"><i class=\"fas fa-chevron-down\"><\/i><\/span>\n\t\t\t\t\t\t\t\t<span class=\"elementor-toggle-icon-opened\"><i class=\"elementor-toggle-icon-opened fas fa-chevron-up\"><\/i><\/span>\n\t\t\t\t\t\t\t\t\t\t\t\t\t<\/span>\n\t\t\t\t\t\t\t\t\t\t\t\t<a class=\"elementor-toggle-title\" tabindex=\"0\">Pourquoi devrais-je corriger ma malocclusion ?<\/a>\n\t\t\t\t\t<\/div>\n\n\t\t\t\t\t<div id=\"elementor-tab-content-7361\" class=\"elementor-tab-content elementor-clearfix\" data-tab=\"1\" role=\"region\" aria-labelledby=\"elementor-tab-title-7361\">Avoir une malocclusion peut avoir un impact sur la confiance d&#8217;une personne dans son sourire, ce qui est une raison suffisante pour corriger. Mais cela peut aussi avoir un impact sur l&#8217;hygi\u00e8ne buccale d&#8217;une personne et sur sa capacit\u00e9 \u00e0 accomplir es t\u00e2ches quotidiennes comme manger, boire et parler. Une malocclusion non trait\u00e9es peut causer des dommages suppl\u00e9mentaires comme des caries et des maladies des gencives, qui peuvent \u00e9voluer vers des infections qui endommagent la m\u00e2choire et les dents.<\/div>\n\t\t\t\t<\/div>\n\t\t\t\t\t\t\t<div class=\"elementor-toggle-item\">\n\t\t\t\t\t<div id=\"elementor-tab-title-7362\" class=\"elementor-tab-title\" data-tab=\"2\" role=\"button\" aria-controls=\"elementor-tab-content-7362\" aria-expanded=\"false\">\n\t\t\t\t\t\t\t\t\t\t\t\t<span class=\"elementor-toggle-icon elementor-toggle-icon-right\" aria-hidden=\"true\">\n\t\t\t\t\t\t\t\t\t\t\t\t\t\t\t<span class=\"elementor-toggle-icon-closed\"><i class=\"fas fa-chevron-down\"><\/i><\/span>\n\t\t\t\t\t\t\t\t<span class=\"elementor-toggle-icon-opened\"><i class=\"elementor-toggle-icon-opened fas fa-chevron-up\"><\/i><\/span>\n\t\t\t\t\t\t\t\t\t\t\t\t\t<\/span>\n\t\t\t\t\t\t\t\t\t\t\t\t<a class=\"elementor-toggle-title\" tabindex=\"0\">Les aligneurs SureSmile<sup>\u00ae<\/sup> peuvent-ils \u00e9aider \u00e0 corriger une malocclusion ? <\/a>\n\t\t\t\t\t<\/div>\n\n\t\t\t\t\t<div id=\"elementor-tab-content-7362\" class=\"elementor-tab-content elementor-clearfix\" data-tab=\"2\" role=\"region\" aria-labelledby=\"elementor-tab-title-7362\">Oui ! Nos aligneurs peuvent corriger une malocclusion en guidant les dents vers l&#8217;emplacement souhait\u00e9, ce qui permet d&#8217;obtenir le sourire que vous avez toujours voulu. Si la position de votre m\u00e2choire  influence la malocclusion, votre dentiste peut recommander un traitement suppl\u00e9mentaire pour favoriser un changement durable. Pr\u00eat \u00e0 aimer votre sourire ? <strong><a style=\"color: #4ba0db;\" href=\"https:\/\/www.suresmile.com\/fr-fr\/the-suresmile-system\/\">D\u00e9couvrez SureSmile<sup>\u00ae<\/sup>.<\/a><\/strong><\/div>\n\t\t\t\t<\/div>\n\t\t\t\t\t\t\t\t<\/div>\n\t\t\t\t\t\t<\/div>\n\t\t\t\t<\/div>\n\t\t\t\t\t<\/div>\n\t\t<\/div>\n\t\t\t\t\t<\/div>\n\t\t<\/section>\n\t\t\t\t<section class=\"elementor-section elementor-top-section elementor-element elementor-element-3038fc4 elementor-section-boxed elementor-section-height-default elementor-section-height-default\" data-id=\"3038fc4\" data-element_type=\"section\">\n\t\t\t\t\t\t<div class=\"elementor-container elementor-column-gap-default\">\n\t\t\t\t\t<div class=\"elementor-column elementor-col-100 elementor-top-column elementor-element elementor-element-5dd07ba\" data-id=\"5dd07ba\" data-element_type=\"column\">\n\t\t\t<div class=\"elementor-widget-wrap elementor-element-populated\">\n\t\t\t\t\t\t<div class=\"elementor-element elementor-element-d520f97 elementor-widget elementor-widget-menu-anchor\" data-id=\"d520f97\" data-element_type=\"widget\" data-widget_type=\"menu-anchor.default\">\n\t\t\t\t<div class=\"elementor-widget-container\">\n\t\t\t\t\t\t\t<div class=\"elementor-menu-anchor\" id=\"source\"><\/div>\n\t\t\t\t\t\t<\/div>\n\t\t\t\t<\/div>\n\t\t\t\t<div class=\"elementor-element elementor-element-9568223 elementor-widget elementor-widget-text-editor\" data-id=\"9568223\" data-element_type=\"widget\" data-widget_type=\"text-editor.default\">\n\t\t\t\t<div class=\"elementor-widget-container\">\n\t\t\t\t\t\t\t\t\t<p>Ces dispositifs m\u00e9dicaux sont des produits de sant\u00e9 r\u00e9glement\u00e9s.\u00a0<\/p><p>Les <strong>Aligneurs SureSmile<sup>\u00ae<\/sup><\/strong> sont des dispositifs m\u00e9dicaux sur mesure. Ce sont des goutti\u00e8res en plastique transparent de marque ESSIX utilis\u00e9es pour des traitements orthodontiques sur mesure. Ces produits ne peuvent \u00eatre prescrits qu&#8217;apr\u00e8s une consultation chez un professionnel de sant\u00e9 bucco-dentaire. Veuillez lire attentivement la notice. Fabricant : Orametrix Inc.<br \/><strong>SureSmile<sup>\u00ae<\/sup> VPro\u2122<\/strong> est un dispositif m\u00e9dical qui porte, au titre de la r\u00e9glementation, le marquage CE2797. Dispositif \u00e0 vibrations \u00e0 haute fr\u00e9quence (HFV) destin\u00e9 aux patients qui suivent un traitement orthodontique avec des aligneurs pour faciliter les mouvements mineurs des dents ant\u00e9rieures. Fabricant\u00a0: Dentsply LLC<br \/>Les <strong>Contentions SureSmile<sup>\u00ae<\/sup><\/strong> sont des dispositifs m\u00e9dicaux sur mesure. Ce sont des goutti\u00e8res en plastique transparent de marque ESSIX utilis\u00e9es pour la contention et la pr\u00e9vention des r\u00e9cidives \u00e0 la fin d\u2019un traitement orthodontique. Ces produits ne peuvent \u00eatre prescrits qu&#8217;apr\u00e8s une consultation chez un professionnel de sant\u00e9 bucco-dentaire. Veuillez lire attentivement la notice. Fabricant : Orametrix Inc. Rev : 05\/2023Orthodontics Inc. Rev : 04\/2023<\/p>\t\t\t\t\t\t\t\t<\/div>\n\t\t\t\t<\/div>\n\t\t\t\t\t<\/div>\n\t\t<\/div>\n\t\t\t\t\t<\/div>\n\t\t<\/section>\n\t\t\t\t<\/div>\n\t\t","protected":false},"excerpt":{"rendered":"<p>Malocclusion Qu&#8217;est ce qu&#8217;une malocclusion ? Tout type de d\u00e9salignement qui a un impact sur l&#8217;espacement, la direction ou l&#8217;emplacement des dents d&#8217;une personne est consid\u00e9r\u00e9 comme une dent de travers. Les praticiens peuvent d\u00e9crire les dents de travers en identifiant le type d&#8217;occlusion d&#8217;une personne. Les sous-occlusions, les surocclusions, les occlusions crois\u00e9es, les b\u00e9ances, [&hellip;]<\/p>\n","protected":false},"author":19,"featured_media":0,"parent":0,"menu_order":0,"comment_status":"closed","ping_status":"closed","template":"","meta":{"ocean_post_layout":"","ocean_both_sidebars_style":"","ocean_both_sidebars_content_width":0,"ocean_both_sidebars_sidebars_width":0,"ocean_sidebar":"0","ocean_second_sidebar":"0","ocean_disable_margins":"enable","ocean_add_body_class":"","ocean_shortcode_before_top_bar":"","ocean_shortcode_after_top_bar":"","ocean_shortcode_before_header":"","ocean_shortcode_after_header":"","ocean_has_shortcode":"","ocean_shortcode_after_title":"","ocean_shortcode_before_footer_widgets":"","ocean_shortcode_after_footer_widgets":"","ocean_shortcode_before_footer_bottom":"","ocean_shortcode_after_footer_bottom":"","ocean_display_top_bar":"default","ocean_display_header":"default","ocean_header_style":"","ocean_center_header_left_menu":"0","ocean_custom_header_template":"0","ocean_custom_logo":0,"ocean_custom_retina_logo":0,"ocean_custom_logo_max_width":0,"ocean_custom_logo_tablet_max_width":0,"ocean_custom_logo_mobile_max_width":0,"ocean_custom_logo_max_height":0,"ocean_custom_logo_tablet_max_height":0,"ocean_custom_logo_mobile_max_height":0,"ocean_header_custom_menu":"0","ocean_menu_typo_font_family":"0","ocean_menu_typo_font_subset":"","ocean_menu_typo_font_size":0,"ocean_menu_typo_font_size_tablet":0,"ocean_menu_typo_font_size_mobile":0,"ocean_menu_typo_font_size_unit":"px","ocean_menu_typo_font_weight":"","ocean_menu_typo_font_weight_tablet":"","ocean_menu_typo_font_weight_mobile":"","ocean_menu_typo_transform":"","ocean_menu_typo_transform_tablet":"","ocean_menu_typo_transform_mobile":"","ocean_menu_typo_line_height":0,"ocean_menu_typo_line_height_tablet":0,"ocean_menu_typo_line_height_mobile":0,"ocean_menu_typo_line_height_unit":"","ocean_menu_typo_spacing":0,"ocean_menu_typo_spacing_tablet":0,"ocean_menu_typo_spacing_mobile":0,"ocean_menu_typo_spacing_unit":"","ocean_menu_link_color":"","ocean_menu_link_color_hover":"","ocean_menu_link_color_active":"","ocean_menu_link_background":"","ocean_menu_link_hover_background":"","ocean_menu_link_active_background":"","ocean_menu_social_links_bg":"","ocean_menu_social_hover_links_bg":"","ocean_menu_social_links_color":"","ocean_menu_social_hover_links_color":"","ocean_disable_title":"default","ocean_disable_heading":"default","ocean_post_title":"","ocean_post_subheading":"","ocean_post_title_style":"","ocean_post_title_background_color":"","ocean_post_title_background":0,"ocean_post_title_bg_image_position":"","ocean_post_title_bg_image_attachment":"","ocean_post_title_bg_image_repeat":"","ocean_post_title_bg_image_size":"","ocean_post_title_height":0,"ocean_post_title_bg_overlay":0.5,"ocean_post_title_bg_overlay_color":"","ocean_disable_breadcrumbs":"default","ocean_breadcrumbs_color":"","ocean_breadcrumbs_separator_color":"","ocean_breadcrumbs_links_color":"","ocean_breadcrumbs_links_hover_color":"","ocean_display_footer_widgets":"default","ocean_display_footer_bottom":"default","ocean_custom_footer_template":"0","footnotes":""},"class_list":["post-23149","page","type-page","status-publish","hentry","entry"],"yoast_head":"<!-- This site is optimized with the Yoast SEO plugin v24.7 - https:\/\/yoast.com\/wordpress\/plugins\/seo\/ -->\n<title>Des aligneurs pour les dents de travers ? En savoir plus ! | SureSmile<\/title>\n<meta name=\"description\" content=\"Vous vous demandez si vous pouvez corriger vos dents de travers avec des aligneurs ? Cliquez ici pour d\u00e9couvrir comment guider vos dents dans la direction souhait\u00e9e. En savoir plus !\" \/>\n<meta name=\"robots\" content=\"index, follow, max-snippet:-1, max-image-preview:large, max-video-preview:-1\" \/>\n<link rel=\"canonical\" href=\"https:\/\/www.suresmile.com\/fr-fr\/crooked-teeth\/\" \/>\n<meta property=\"og:locale\" content=\"en_US\" \/>\n<meta property=\"og:type\" content=\"article\" \/>\n<meta property=\"og:title\" content=\"Des aligneurs pour les dents de travers ? En savoir plus ! | SureSmile\" \/>\n<meta property=\"og:description\" content=\"Vous vous demandez si vous pouvez corriger vos dents de travers avec des aligneurs ? Cliquez ici pour d\u00e9couvrir comment guider vos dents dans la direction souhait\u00e9e. En savoir plus !\" \/>\n<meta property=\"og:url\" content=\"https:\/\/www.suresmile.com\/fr-fr\/crooked-teeth\/\" \/>\n<meta property=\"og:site_name\" content=\"SureSmile France\" \/>\n<meta property=\"article:modified_time\" content=\"2023-05-02T09:04:40+00:00\" \/>\n<meta property=\"og:image\" content=\"https:\/\/www.suresmile.com\/en-us\/wp-content\/uploads\/sites\/13\/2022\/07\/treatable-cases_SS_treatable-cases_crooked.png\" \/>\n<meta name=\"twitter:card\" content=\"summary_large_image\" \/>\n<meta name=\"twitter:label1\" content=\"Est. reading time\" \/>\n\t<meta name=\"twitter:data1\" content=\"2 minutes\" \/>\n<script type=\"application\/ld+json\" class=\"yoast-schema-graph\">{\"@context\":\"https:\/\/schema.org\",\"@graph\":[{\"@type\":\"WebPage\",\"@id\":\"https:\/\/www.suresmile.com\/fr-fr\/crooked-teeth\/\",\"url\":\"https:\/\/www.suresmile.com\/fr-fr\/crooked-teeth\/\",\"name\":\"Des aligneurs pour les dents de travers ? En savoir plus ! | SureSmile\",\"isPartOf\":{\"@id\":\"https:\/\/www.suresmile.com\/fr-fr\/#website\"},\"primaryImageOfPage\":{\"@id\":\"https:\/\/www.suresmile.com\/fr-fr\/crooked-teeth\/#primaryimage\"},\"image\":{\"@id\":\"https:\/\/www.suresmile.com\/fr-fr\/crooked-teeth\/#primaryimage\"},\"thumbnailUrl\":\"https:\/\/www.suresmile.com\/en-us\/wp-content\/uploads\/sites\/13\/2022\/07\/treatable-cases_SS_treatable-cases_crooked.png\",\"datePublished\":\"2023-03-14T14:56:44+00:00\",\"dateModified\":\"2023-05-02T09:04:40+00:00\",\"description\":\"Vous vous demandez si vous pouvez corriger vos dents de travers avec des aligneurs ? Cliquez ici pour d\u00e9couvrir comment guider vos dents dans la direction souhait\u00e9e. En savoir plus !\",\"breadcrumb\":{\"@id\":\"https:\/\/www.suresmile.com\/fr-fr\/crooked-teeth\/#breadcrumb\"},\"inLanguage\":\"en-US\",\"potentialAction\":[{\"@type\":\"ReadAction\",\"target\":[\"https:\/\/www.suresmile.com\/fr-fr\/crooked-teeth\/\"]}]},{\"@type\":\"ImageObject\",\"inLanguage\":\"en-US\",\"@id\":\"https:\/\/www.suresmile.com\/fr-fr\/crooked-teeth\/#primaryimage\",\"url\":\"https:\/\/www.suresmile.com\/en-us\/wp-content\/uploads\/sites\/13\/2022\/07\/treatable-cases_SS_treatable-cases_crooked.png\",\"contentUrl\":\"https:\/\/www.suresmile.com\/en-us\/wp-content\/uploads\/sites\/13\/2022\/07\/treatable-cases_SS_treatable-cases_crooked.png\"},{\"@type\":\"BreadcrumbList\",\"@id\":\"https:\/\/www.suresmile.com\/fr-fr\/crooked-teeth\/#breadcrumb\",\"itemListElement\":[{\"@type\":\"ListItem\",\"position\":1,\"name\":\"Home\",\"item\":\"https:\/\/www.suresmile.com\/fr-fr\/\"},{\"@type\":\"ListItem\",\"position\":2,\"name\":\"Crooked Teeth\"}]},{\"@type\":\"WebSite\",\"@id\":\"https:\/\/www.suresmile.com\/fr-fr\/#website\",\"url\":\"https:\/\/www.suresmile.com\/fr-fr\/\",\"name\":\"SureSmile France\",\"description\":\"\",\"publisher\":{\"@id\":\"https:\/\/www.suresmile.com\/fr-fr\/#organization\"},\"potentialAction\":[{\"@type\":\"SearchAction\",\"target\":{\"@type\":\"EntryPoint\",\"urlTemplate\":\"https:\/\/www.suresmile.com\/fr-fr\/?s={search_term_string}\"},\"query-input\":{\"@type\":\"PropertyValueSpecification\",\"valueRequired\":true,\"valueName\":\"search_term_string\"}}],\"inLanguage\":\"en-US\"},{\"@type\":\"Organization\",\"@id\":\"https:\/\/www.suresmile.com\/fr-fr\/#organization\",\"name\":\"SureSmile France\",\"url\":\"https:\/\/www.suresmile.com\/fr-fr\/\",\"logo\":{\"@type\":\"ImageObject\",\"inLanguage\":\"en-US\",\"@id\":\"https:\/\/www.suresmile.com\/fr-fr\/#\/schema\/logo\/image\/\",\"url\":\"https:\/\/www.suresmile.com\/fr-fr\/wp-content\/uploads\/sites\/39\/2024\/11\/cropped-SS-Logo_Gray.png\",\"contentUrl\":\"https:\/\/www.suresmile.com\/fr-fr\/wp-content\/uploads\/sites\/39\/2024\/11\/cropped-SS-Logo_Gray.png\",\"width\":1200,\"height\":234,\"caption\":\"SureSmile France\"},\"image\":{\"@id\":\"https:\/\/www.suresmile.com\/fr-fr\/#\/schema\/logo\/image\/\"}}]}<\/script>\n<!-- \/ Yoast SEO plugin. -->","yoast_head_json":{"title":"Des aligneurs pour les dents de travers ? En savoir plus ! | SureSmile","description":"Vous vous demandez si vous pouvez corriger vos dents de travers avec des aligneurs ? Cliquez ici pour d\u00e9couvrir comment guider vos dents dans la direction souhait\u00e9e. En savoir plus !","robots":{"index":"index","follow":"follow","max-snippet":"max-snippet:-1","max-image-preview":"max-image-preview:large","max-video-preview":"max-video-preview:-1"},"canonical":"https:\/\/www.suresmile.com\/fr-fr\/crooked-teeth\/","og_locale":"en_US","og_type":"article","og_title":"Des aligneurs pour les dents de travers ? En savoir plus ! | SureSmile","og_description":"Vous vous demandez si vous pouvez corriger vos dents de travers avec des aligneurs ? Cliquez ici pour d\u00e9couvrir comment guider vos dents dans la direction souhait\u00e9e. En savoir plus !","og_url":"https:\/\/www.suresmile.com\/fr-fr\/crooked-teeth\/","og_site_name":"SureSmile France","article_modified_time":"2023-05-02T09:04:40+00:00","og_image":[{"url":"https:\/\/www.suresmile.com\/en-us\/wp-content\/uploads\/sites\/13\/2022\/07\/treatable-cases_SS_treatable-cases_crooked.png","type":"","width":"","height":""}],"twitter_card":"summary_large_image","twitter_misc":{"Est. reading time":"2 minutes"},"schema":{"@context":"https:\/\/schema.org","@graph":[{"@type":"WebPage","@id":"https:\/\/www.suresmile.com\/fr-fr\/crooked-teeth\/","url":"https:\/\/www.suresmile.com\/fr-fr\/crooked-teeth\/","name":"Des aligneurs pour les dents de travers ? En savoir plus ! | SureSmile","isPartOf":{"@id":"https:\/\/www.suresmile.com\/fr-fr\/#website"},"primaryImageOfPage":{"@id":"https:\/\/www.suresmile.com\/fr-fr\/crooked-teeth\/#primaryimage"},"image":{"@id":"https:\/\/www.suresmile.com\/fr-fr\/crooked-teeth\/#primaryimage"},"thumbnailUrl":"https:\/\/www.suresmile.com\/en-us\/wp-content\/uploads\/sites\/13\/2022\/07\/treatable-cases_SS_treatable-cases_crooked.png","datePublished":"2023-03-14T14:56:44+00:00","dateModified":"2023-05-02T09:04:40+00:00","description":"Vous vous demandez si vous pouvez corriger vos dents de travers avec des aligneurs ? Cliquez ici pour d\u00e9couvrir comment guider vos dents dans la direction souhait\u00e9e. En savoir plus !","breadcrumb":{"@id":"https:\/\/www.suresmile.com\/fr-fr\/crooked-teeth\/#breadcrumb"},"inLanguage":"en-US","potentialAction":[{"@type":"ReadAction","target":["https:\/\/www.suresmile.com\/fr-fr\/crooked-teeth\/"]}]},{"@type":"ImageObject","inLanguage":"en-US","@id":"https:\/\/www.suresmile.com\/fr-fr\/crooked-teeth\/#primaryimage","url":"https:\/\/www.suresmile.com\/en-us\/wp-content\/uploads\/sites\/13\/2022\/07\/treatable-cases_SS_treatable-cases_crooked.png","contentUrl":"https:\/\/www.suresmile.com\/en-us\/wp-content\/uploads\/sites\/13\/2022\/07\/treatable-cases_SS_treatable-cases_crooked.png"},{"@type":"BreadcrumbList","@id":"https:\/\/www.suresmile.com\/fr-fr\/crooked-teeth\/#breadcrumb","itemListElement":[{"@type":"ListItem","position":1,"name":"Home","item":"https:\/\/www.suresmile.com\/fr-fr\/"},{"@type":"ListItem","position":2,"name":"Crooked Teeth"}]},{"@type":"WebSite","@id":"https:\/\/www.suresmile.com\/fr-fr\/#website","url":"https:\/\/www.suresmile.com\/fr-fr\/","name":"SureSmile France","description":"","publisher":{"@id":"https:\/\/www.suresmile.com\/fr-fr\/#organization"},"potentialAction":[{"@type":"SearchAction","target":{"@type":"EntryPoint","urlTemplate":"https:\/\/www.suresmile.com\/fr-fr\/?s={search_term_string}"},"query-input":{"@type":"PropertyValueSpecification","valueRequired":true,"valueName":"search_term_string"}}],"inLanguage":"en-US"},{"@type":"Organization","@id":"https:\/\/www.suresmile.com\/fr-fr\/#organization","name":"SureSmile France","url":"https:\/\/www.suresmile.com\/fr-fr\/","logo":{"@type":"ImageObject","inLanguage":"en-US","@id":"https:\/\/www.suresmile.com\/fr-fr\/#\/schema\/logo\/image\/","url":"https:\/\/www.suresmile.com\/fr-fr\/wp-content\/uploads\/sites\/39\/2024\/11\/cropped-SS-Logo_Gray.png","contentUrl":"https:\/\/www.suresmile.com\/fr-fr\/wp-content\/uploads\/sites\/39\/2024\/11\/cropped-SS-Logo_Gray.png","width":1200,"height":234,"caption":"SureSmile France"},"image":{"@id":"https:\/\/www.suresmile.com\/fr-fr\/#\/schema\/logo\/image\/"}}]}},"_links":{"self":[{"href":"https:\/\/www.suresmile.com\/fr-fr\/wp-json\/wp\/v2\/pages\/23149","targetHints":{"allow":["GET"]}}],"collection":[{"href":"https:\/\/www.suresmile.com\/fr-fr\/wp-json\/wp\/v2\/pages"}],"about":[{"href":"https:\/\/www.suresmile.com\/fr-fr\/wp-json\/wp\/v2\/types\/page"}],"author":[{"embeddable":true,"href":"https:\/\/www.suresmile.com\/fr-fr\/wp-json\/wp\/v2\/users\/19"}],"replies":[{"embeddable":true,"href":"https:\/\/www.suresmile.com\/fr-fr\/wp-json\/wp\/v2\/comments?post=23149"}],"version-history":[{"count":46,"href":"https:\/\/www.suresmile.com\/fr-fr\/wp-json\/wp\/v2\/pages\/23149\/revisions"}],"predecessor-version":[{"id":24021,"href":"https:\/\/www.suresmile.com\/fr-fr\/wp-json\/wp\/v2\/pages\/23149\/revisions\/24021"}],"wp:attachment":[{"href":"https:\/\/www.suresmile.com\/fr-fr\/wp-json\/wp\/v2\/media?parent=23149"}],"curies":[{"name":"wp","href":"https:\/\/api.w.org\/{rel}","templated":true}]}}