{"id":23168,"date":"2023-03-14T14:57:15","date_gmt":"2023-03-14T14:57:15","guid":{"rendered":"https:\/\/www.suresmile.com\/fr-fr\/?page_id=23168"},"modified":"2023-05-02T08:59:46","modified_gmt":"2023-05-02T08:59:46","slug":"open-bites","status":"publish","type":"page","link":"https:\/\/www.suresmile.com\/fr-fr\/open-bites\/","title":{"rendered":"Open Bites"},"content":{"rendered":"\t\t<div data-elementor-type=\"wp-page\" data-elementor-id=\"23168\" class=\"elementor elementor-23168\" data-elementor-post-type=\"page\">\n\t\t\t\t\t\t<section class=\"elementor-section elementor-top-section elementor-element elementor-element-ed93c17 elementor-section-height-min-height elementor-section-content-middle elementor-section-stretched elementor-section-boxed elementor-section-height-default elementor-section-items-middle\" data-id=\"ed93c17\" data-element_type=\"section\" data-settings=\"{&quot;background_background&quot;:&quot;classic&quot;,&quot;stretch_section&quot;:&quot;section-stretched&quot;}\">\n\t\t\t\t\t\t<div class=\"elementor-container elementor-column-gap-extended\">\n\t\t\t\t\t<div class=\"elementor-column elementor-col-100 elementor-top-column elementor-element elementor-element-7d6007e\" data-id=\"7d6007e\" data-element_type=\"column\">\n\t\t\t<div class=\"elementor-widget-wrap elementor-element-populated\">\n\t\t\t\t\t<div class=\"elementor-background-overlay\"><\/div>\n\t\t\t\t\t\t<div class=\"elementor-element elementor-element-402befa elementor-widget elementor-widget-heading\" data-id=\"402befa\" data-element_type=\"widget\" data-widget_type=\"heading.default\">\n\t\t\t\t<div class=\"elementor-widget-container\">\n\t\t\t\t\t<h1 class=\"elementor-heading-title elementor-size-default\">B\u00e9ance<\/h1>\t\t\t\t<\/div>\n\t\t\t\t<\/div>\n\t\t\t\t\t<\/div>\n\t\t<\/div>\n\t\t\t\t\t<\/div>\n\t\t<\/section>\n\t\t\t\t<section class=\"elementor-section elementor-top-section elementor-element elementor-element-4e813f9 elementor-section-stretched elementor-section-boxed elementor-section-height-default elementor-section-height-default\" data-id=\"4e813f9\" data-element_type=\"section\" data-settings=\"{&quot;stretch_section&quot;:&quot;section-stretched&quot;}\">\n\t\t\t\t\t\t<div class=\"elementor-container elementor-column-gap-extended\">\n\t\t\t\t\t<div class=\"elementor-column elementor-col-50 elementor-top-column elementor-element elementor-element-b6cb387\" data-id=\"b6cb387\" data-element_type=\"column\" data-settings=\"{&quot;background_background&quot;:&quot;classic&quot;}\">\n\t\t\t<div class=\"elementor-widget-wrap elementor-element-populated\">\n\t\t\t\t\t\t<div class=\"elementor-element elementor-element-767b751 elementor-widget elementor-widget-heading\" data-id=\"767b751\" data-element_type=\"widget\" data-widget_type=\"heading.default\">\n\t\t\t\t<div class=\"elementor-widget-container\">\n\t\t\t\t\t<h2 class=\"elementor-heading-title elementor-size-default\">Qu'est-ce qu'une b\u00e9ance ?<\/h2>\t\t\t\t<\/div>\n\t\t\t\t<\/div>\n\t\t\t\t<div class=\"elementor-element elementor-element-f4a0bc6 elementor-widget elementor-widget-text-editor\" data-id=\"f4a0bc6\" data-element_type=\"widget\" data-widget_type=\"text-editor.default\">\n\t\t\t\t<div class=\"elementor-widget-container\">\n\t\t\t\t\t\t\t\t\tUne b\u00e9ance se produit lorsque les dents du haut et les dents du bas se touchent \u00e0 l&#8217;arri\u00e8re de la bouche mais pas \u00e0 l&#8217;avant, ou vice versa. Cela se produit g\u00e9n\u00e9ralement parce que les dents sont inclin\u00e9es d&#8217;une mani\u00e8re qui les emp\u00eache de se rencontrer au milieu et provoque une &#8220;ouverture&#8221; entre les dents du haut et du bas. Les b\u00e9ances peuvent se trouver \u00e0 l&#8217;arri\u00e8re et \u00e0 l&#8217;avant de la bouche, mais elles se produisent le plus souvent \u00e0 l&#8217;avant.\t\t\t\t\t\t\t\t<\/div>\n\t\t\t\t<\/div>\n\t\t\t\t\t<\/div>\n\t\t<\/div>\n\t\t\t\t<div class=\"elementor-column elementor-col-50 elementor-top-column elementor-element elementor-element-1e6c893 elementor-hidden-phone elementor-hidden-tablet\" data-id=\"1e6c893\" data-element_type=\"column\" data-settings=\"{&quot;background_background&quot;:&quot;classic&quot;}\">\n\t\t\t<div class=\"elementor-widget-wrap\">\n\t\t\t\t\t\t\t<\/div>\n\t\t<\/div>\n\t\t\t\t\t<\/div>\n\t\t<\/section>\n\t\t\t\t<section class=\"elementor-section elementor-top-section elementor-element elementor-element-a83e87c elementor-section-full_width elementor-section-stretched elementor-hidden-desktop elementor-section-height-default elementor-section-height-default\" data-id=\"a83e87c\" data-element_type=\"section\" data-settings=\"{&quot;stretch_section&quot;:&quot;section-stretched&quot;}\">\n\t\t\t\t\t\t<div class=\"elementor-container elementor-column-gap-default\">\n\t\t\t\t\t<div class=\"elementor-column elementor-col-100 elementor-top-column elementor-element elementor-element-c463667\" data-id=\"c463667\" data-element_type=\"column\">\n\t\t\t<div class=\"elementor-widget-wrap elementor-element-populated\">\n\t\t\t\t\t\t<div class=\"elementor-element elementor-element-888325c elementor-hidden-desktop elementor-hidden-tablet elementor-widget elementor-widget-image\" data-id=\"888325c\" data-element_type=\"widget\" data-widget_type=\"image.default\">\n\t\t\t\t<div class=\"elementor-widget-container\">\n\t\t\t\t\t\t\t\t\t\t\t\t\t\t\t<img decoding=\"async\" src=\"https:\/\/www.suresmile.com\/en-us\/wp-content\/uploads\/sites\/13\/2022\/07\/treatable-cases_SS_treatable-cases_spacing-06.png\" title=\"\" alt=\"\" loading=\"lazy\" \/>\t\t\t\t\t\t\t\t\t\t\t\t\t\t\t<\/div>\n\t\t\t\t<\/div>\n\t\t\t\t\t<\/div>\n\t\t<\/div>\n\t\t\t\t\t<\/div>\n\t\t<\/section>\n\t\t\t\t<section class=\"elementor-section elementor-top-section elementor-element elementor-element-861e09e elementor-section-stretched elementor-section-boxed elementor-section-height-default elementor-section-height-default\" data-id=\"861e09e\" data-element_type=\"section\" data-settings=\"{&quot;stretch_section&quot;:&quot;section-stretched&quot;,&quot;background_background&quot;:&quot;classic&quot;}\">\n\t\t\t\t\t\t<div class=\"elementor-container elementor-column-gap-default\">\n\t\t\t\t\t<div class=\"elementor-column elementor-col-100 elementor-top-column elementor-element elementor-element-1b446b5\" data-id=\"1b446b5\" data-element_type=\"column\" data-settings=\"{&quot;background_background&quot;:&quot;classic&quot;}\">\n\t\t\t<div class=\"elementor-widget-wrap elementor-element-populated\">\n\t\t\t\t\t\t<div class=\"elementor-element elementor-element-939c381 elementor-widget elementor-widget-heading\" data-id=\"939c381\" data-element_type=\"widget\" data-widget_type=\"heading.default\">\n\t\t\t\t<div class=\"elementor-widget-container\">\n\t\t\t\t\t<h2 class=\"elementor-heading-title elementor-size-default\">Foire aux questions <\/h2>\t\t\t\t<\/div>\n\t\t\t\t<\/div>\n\t\t\t\t<div class=\"elementor-element elementor-element-4e26ed8 elementor-widget elementor-widget-toggle\" data-id=\"4e26ed8\" data-element_type=\"widget\" data-widget_type=\"toggle.default\">\n\t\t\t\t<div class=\"elementor-widget-container\">\n\t\t\t\t\t\t\t<div class=\"elementor-toggle\">\n\t\t\t\t\t\t\t<div class=\"elementor-toggle-item\">\n\t\t\t\t\t<div id=\"elementor-tab-title-8191\" class=\"elementor-tab-title\" data-tab=\"1\" role=\"button\" aria-controls=\"elementor-tab-content-8191\" aria-expanded=\"false\">\n\t\t\t\t\t\t\t\t\t\t\t\t<span class=\"elementor-toggle-icon elementor-toggle-icon-right\" aria-hidden=\"true\">\n\t\t\t\t\t\t\t\t\t\t\t\t\t\t\t<span class=\"elementor-toggle-icon-closed\"><i class=\"fas fa-chevron-down\"><\/i><\/span>\n\t\t\t\t\t\t\t\t<span class=\"elementor-toggle-icon-opened\"><i class=\"elementor-toggle-icon-opened fas fa-chevron-up\"><\/i><\/span>\n\t\t\t\t\t\t\t\t\t\t\t\t\t<\/span>\n\t\t\t\t\t\t\t\t\t\t\t\t<a class=\"elementor-toggle-title\" tabindex=\"0\">Pourquoi devrais-je soigner ma b\u00e9ance?<\/a>\n\t\t\t\t\t<\/div>\n\n\t\t\t\t\t<div id=\"elementor-tab-content-8191\" class=\"elementor-tab-content elementor-clearfix\" data-tab=\"1\" role=\"region\" aria-labelledby=\"elementor-tab-title-8191\">Bien que les b\u00e9ances n&#8217;entra\u00eenent g\u00e9n\u00e9ralement pas de probl\u00e8mes de sant\u00e9 graves, les b\u00e9ances non trait\u00e9es peuvent avoir un impact sur votre capacit\u00e9 \u00e0 effectuer des activit\u00e9s quotidiennes comme parler et manger. La correction d&#8217;une b\u00e9ance peut renforcer votre confiance dans votre sourire et vous permettre de profiter plus facilement des choses que vous aimez.<\/div>\n\t\t\t\t<\/div>\n\t\t\t\t\t\t\t<div class=\"elementor-toggle-item\">\n\t\t\t\t\t<div id=\"elementor-tab-title-8192\" class=\"elementor-tab-title\" data-tab=\"2\" role=\"button\" aria-controls=\"elementor-tab-content-8192\" aria-expanded=\"false\">\n\t\t\t\t\t\t\t\t\t\t\t\t<span class=\"elementor-toggle-icon elementor-toggle-icon-right\" aria-hidden=\"true\">\n\t\t\t\t\t\t\t\t\t\t\t\t\t\t\t<span class=\"elementor-toggle-icon-closed\"><i class=\"fas fa-chevron-down\"><\/i><\/span>\n\t\t\t\t\t\t\t\t<span class=\"elementor-toggle-icon-opened\"><i class=\"elementor-toggle-icon-opened fas fa-chevron-up\"><\/i><\/span>\n\t\t\t\t\t\t\t\t\t\t\t\t\t<\/span>\n\t\t\t\t\t\t\t\t\t\t\t\t<a class=\"elementor-toggle-title\" tabindex=\"0\">Les aligneurs SureSmile<sup>\u00ae<\/sup> peuvent-ils aider \u00e0 traiter une b\u00e9ance ?<\/a>\n\t\t\t\t\t<\/div>\n\n\t\t\t\t\t<div id=\"elementor-tab-content-8192\" class=\"elementor-tab-content elementor-clearfix\" data-tab=\"2\" role=\"region\" aria-labelledby=\"elementor-tab-title-8192\">Comme les b\u00e9ances sont souvent dues \u00e0 la position des dents, les aligneurs sont un choix efficace pour les petits d\u00e9placements de dents. Les aligneurs SureSmile<sup>\u00ae<\/sup> fonctionnent en guidant doucement vos dents vers une nouvelle position, ce qui peut am\u00e9liorer votre sourire. Trouvez un praticien SureSmile<sup>\u00ae<\/sup> pour obtenir votre plan de traitement personnalis\u00e9 et commencer.<\/div>\n\t\t\t\t<\/div>\n\t\t\t\t\t\t\t\t<\/div>\n\t\t\t\t\t\t<\/div>\n\t\t\t\t<\/div>\n\t\t\t\t\t<\/div>\n\t\t<\/div>\n\t\t\t\t\t<\/div>\n\t\t<\/section>\n\t\t\t\t<section class=\"elementor-section elementor-top-section elementor-element elementor-element-eb5eb98 elementor-section-boxed elementor-section-height-default elementor-section-height-default\" data-id=\"eb5eb98\" data-element_type=\"section\">\n\t\t\t\t\t\t<div class=\"elementor-container elementor-column-gap-default\">\n\t\t\t\t\t<div class=\"elementor-column elementor-col-100 elementor-top-column elementor-element elementor-element-14dfe4a\" data-id=\"14dfe4a\" data-element_type=\"column\">\n\t\t\t<div class=\"elementor-widget-wrap elementor-element-populated\">\n\t\t\t\t\t\t<div class=\"elementor-element elementor-element-09ac57e elementor-widget elementor-widget-menu-anchor\" data-id=\"09ac57e\" data-element_type=\"widget\" data-widget_type=\"menu-anchor.default\">\n\t\t\t\t<div class=\"elementor-widget-container\">\n\t\t\t\t\t\t\t<div class=\"elementor-menu-anchor\" id=\"source\"><\/div>\n\t\t\t\t\t\t<\/div>\n\t\t\t\t<\/div>\n\t\t\t\t<div class=\"elementor-element elementor-element-3b2e684 elementor-widget elementor-widget-text-editor\" data-id=\"3b2e684\" data-element_type=\"widget\" data-widget_type=\"text-editor.default\">\n\t\t\t\t<div class=\"elementor-widget-container\">\n\t\t\t\t\t\t\t\t\t<p>Ces dispositifs m\u00e9dicaux sont des produits de sant\u00e9 r\u00e9glement\u00e9s.<\/p><p>Les <strong>Aligneurs SureSmile<sup>\u00ae<\/sup><\/strong> sont des dispositifs m\u00e9dicaux sur mesure. Ce sont des goutti\u00e8res en plastique transparent de marque ESSIX utilis\u00e9es pour des traitements orthodontiques sur mesure. Ces produits ne peuvent \u00eatre prescrits qu&#8217;apr\u00e8s une consultation chez un professionnel de sant\u00e9 bucco-dentaire. Veuillez lire attentivement la notice. Fabricant : Orametrix Inc.<br \/><strong>SureSmile<sup>\u00ae<\/sup> VPro\u2122<\/strong> est un dispositif m\u00e9dical qui porte, au titre de la r\u00e9glementation, le marquage CE2797. Dispositif \u00e0 vibrations \u00e0 haute fr\u00e9quence (HFV) destin\u00e9 aux patients qui suivent un traitement orthodontique avec des aligneurs pour faciliter les mouvements mineurs des dents ant\u00e9rieures. Fabricant\u00a0: Dentsply LLC<br \/>Les <strong>Contentions SureSmile<sup>\u00ae<\/sup><\/strong> sont des dispositifs m\u00e9dicaux sur mesure. Ce sont des goutti\u00e8res en plastique transparent de marque ESSIX utilis\u00e9es pour la contention et la pr\u00e9vention des r\u00e9cidives \u00e0 la fin d\u2019un traitement orthodontique. Ces produits ne peuvent \u00eatre prescrits qu&#8217;apr\u00e8s une consultation chez un professionnel de sant\u00e9 bucco-dentaire. Veuillez lire attentivement la notice. Fabricant : Orametrix Inc. Rev : 05\/2023Orthodontics Inc. Rev : 04\/2023\u00a0<\/p>\t\t\t\t\t\t\t\t<\/div>\n\t\t\t\t<\/div>\n\t\t\t\t\t<\/div>\n\t\t<\/div>\n\t\t\t\t\t<\/div>\n\t\t<\/section>\n\t\t\t\t<\/div>\n\t\t","protected":false},"excerpt":{"rendered":"<p>B\u00e9ance Qu&#8217;est-ce qu&#8217;une b\u00e9ance ? Une b\u00e9ance se produit lorsque les dents du haut et les dents du bas se touchent \u00e0 l&#8217;arri\u00e8re de la bouche mais pas \u00e0 l&#8217;avant, ou vice versa. Cela se produit g\u00e9n\u00e9ralement parce que les dents sont inclin\u00e9es d&#8217;une mani\u00e8re qui les emp\u00eache de se rencontrer au milieu et provoque [&hellip;]<\/p>\n","protected":false},"author":19,"featured_media":0,"parent":0,"menu_order":0,"comment_status":"closed","ping_status":"closed","template":"","meta":{"ocean_post_layout":"","ocean_both_sidebars_style":"","ocean_both_sidebars_content_width":0,"ocean_both_sidebars_sidebars_width":0,"ocean_sidebar":"0","ocean_second_sidebar":"0","ocean_disable_margins":"enable","ocean_add_body_class":"","ocean_shortcode_before_top_bar":"","ocean_shortcode_after_top_bar":"","ocean_shortcode_before_header":"","ocean_shortcode_after_header":"","ocean_has_shortcode":"","ocean_shortcode_after_title":"","ocean_shortcode_before_footer_widgets":"","ocean_shortcode_after_footer_widgets":"","ocean_shortcode_before_footer_bottom":"","ocean_shortcode_after_footer_bottom":"","ocean_display_top_bar":"default","ocean_display_header":"default","ocean_header_style":"","ocean_center_header_left_menu":"0","ocean_custom_header_template":"0","ocean_custom_logo":0,"ocean_custom_retina_logo":0,"ocean_custom_logo_max_width":0,"ocean_custom_logo_tablet_max_width":0,"ocean_custom_logo_mobile_max_width":0,"ocean_custom_logo_max_height":0,"ocean_custom_logo_tablet_max_height":0,"ocean_custom_logo_mobile_max_height":0,"ocean_header_custom_menu":"0","ocean_menu_typo_font_family":"0","ocean_menu_typo_font_subset":"","ocean_menu_typo_font_size":0,"ocean_menu_typo_font_size_tablet":0,"ocean_menu_typo_font_size_mobile":0,"ocean_menu_typo_font_size_unit":"px","ocean_menu_typo_font_weight":"","ocean_menu_typo_font_weight_tablet":"","ocean_menu_typo_font_weight_mobile":"","ocean_menu_typo_transform":"","ocean_menu_typo_transform_tablet":"","ocean_menu_typo_transform_mobile":"","ocean_menu_typo_line_height":0,"ocean_menu_typo_line_height_tablet":0,"ocean_menu_typo_line_height_mobile":0,"ocean_menu_typo_line_height_unit":"","ocean_menu_typo_spacing":0,"ocean_menu_typo_spacing_tablet":0,"ocean_menu_typo_spacing_mobile":0,"ocean_menu_typo_spacing_unit":"","ocean_menu_link_color":"","ocean_menu_link_color_hover":"","ocean_menu_link_color_active":"","ocean_menu_link_background":"","ocean_menu_link_hover_background":"","ocean_menu_link_active_background":"","ocean_menu_social_links_bg":"","ocean_menu_social_hover_links_bg":"","ocean_menu_social_links_color":"","ocean_menu_social_hover_links_color":"","ocean_disable_title":"default","ocean_disable_heading":"default","ocean_post_title":"","ocean_post_subheading":"","ocean_post_title_style":"","ocean_post_title_background_color":"","ocean_post_title_background":0,"ocean_post_title_bg_image_position":"","ocean_post_title_bg_image_attachment":"","ocean_post_title_bg_image_repeat":"","ocean_post_title_bg_image_size":"","ocean_post_title_height":0,"ocean_post_title_bg_overlay":0.5,"ocean_post_title_bg_overlay_color":"","ocean_disable_breadcrumbs":"default","ocean_breadcrumbs_color":"","ocean_breadcrumbs_separator_color":"","ocean_breadcrumbs_links_color":"","ocean_breadcrumbs_links_hover_color":"","ocean_display_footer_widgets":"default","ocean_display_footer_bottom":"default","ocean_custom_footer_template":"0","footnotes":""},"class_list":["post-23168","page","type-page","status-publish","hentry","entry"],"yoast_head":"<!-- This site is optimized with the Yoast SEO plugin v24.7 - https:\/\/yoast.com\/wordpress\/plugins\/seo\/ -->\n<title>Aligneurs pour une b\u00e9ance ? | En savoir plus<\/title>\n<meta name=\"description\" content=\"Vous vous demandez si vous pouvez corriger votre occlusion avec des aligneurs ? Cliquez-ici pour d\u00e9couvrir comment obtenir un sourire beau et sain. En savoir plus !\" \/>\n<meta name=\"robots\" content=\"index, follow, max-snippet:-1, max-image-preview:large, max-video-preview:-1\" \/>\n<link rel=\"canonical\" href=\"https:\/\/www.suresmile.com\/fr-fr\/open-bites\/\" \/>\n<meta property=\"og:locale\" content=\"en_US\" \/>\n<meta property=\"og:type\" content=\"article\" \/>\n<meta property=\"og:title\" content=\"Aligneurs pour une b\u00e9ance ? | En savoir plus\" \/>\n<meta property=\"og:description\" content=\"Vous vous demandez si vous pouvez corriger votre occlusion avec des aligneurs ? Cliquez-ici pour d\u00e9couvrir comment obtenir un sourire beau et sain. En savoir plus !\" \/>\n<meta property=\"og:url\" content=\"https:\/\/www.suresmile.com\/fr-fr\/open-bites\/\" \/>\n<meta property=\"og:site_name\" content=\"SureSmile France\" \/>\n<meta property=\"article:modified_time\" content=\"2023-05-02T08:59:46+00:00\" \/>\n<meta property=\"og:image\" content=\"https:\/\/www.suresmile.com\/en-us\/wp-content\/uploads\/sites\/13\/2022\/07\/treatable-cases_SS_treatable-cases_spacing-06.png\" \/>\n<meta name=\"twitter:card\" content=\"summary_large_image\" \/>\n<meta name=\"twitter:label1\" content=\"Est. reading time\" \/>\n\t<meta name=\"twitter:data1\" content=\"2 minutes\" \/>\n<script type=\"application\/ld+json\" class=\"yoast-schema-graph\">{\"@context\":\"https:\/\/schema.org\",\"@graph\":[{\"@type\":\"WebPage\",\"@id\":\"https:\/\/www.suresmile.com\/fr-fr\/open-bites\/\",\"url\":\"https:\/\/www.suresmile.com\/fr-fr\/open-bites\/\",\"name\":\"Aligneurs pour une b\u00e9ance ? | En savoir plus\",\"isPartOf\":{\"@id\":\"https:\/\/www.suresmile.com\/fr-fr\/#website\"},\"primaryImageOfPage\":{\"@id\":\"https:\/\/www.suresmile.com\/fr-fr\/open-bites\/#primaryimage\"},\"image\":{\"@id\":\"https:\/\/www.suresmile.com\/fr-fr\/open-bites\/#primaryimage\"},\"thumbnailUrl\":\"https:\/\/www.suresmile.com\/en-us\/wp-content\/uploads\/sites\/13\/2022\/07\/treatable-cases_SS_treatable-cases_spacing-06.png\",\"datePublished\":\"2023-03-14T14:57:15+00:00\",\"dateModified\":\"2023-05-02T08:59:46+00:00\",\"description\":\"Vous vous demandez si vous pouvez corriger votre occlusion avec des aligneurs ? Cliquez-ici pour d\u00e9couvrir comment obtenir un sourire beau et sain. En savoir plus !\",\"breadcrumb\":{\"@id\":\"https:\/\/www.suresmile.com\/fr-fr\/open-bites\/#breadcrumb\"},\"inLanguage\":\"en-US\",\"potentialAction\":[{\"@type\":\"ReadAction\",\"target\":[\"https:\/\/www.suresmile.com\/fr-fr\/open-bites\/\"]}]},{\"@type\":\"ImageObject\",\"inLanguage\":\"en-US\",\"@id\":\"https:\/\/www.suresmile.com\/fr-fr\/open-bites\/#primaryimage\",\"url\":\"https:\/\/www.suresmile.com\/en-us\/wp-content\/uploads\/sites\/13\/2022\/07\/treatable-cases_SS_treatable-cases_spacing-06.png\",\"contentUrl\":\"https:\/\/www.suresmile.com\/en-us\/wp-content\/uploads\/sites\/13\/2022\/07\/treatable-cases_SS_treatable-cases_spacing-06.png\"},{\"@type\":\"BreadcrumbList\",\"@id\":\"https:\/\/www.suresmile.com\/fr-fr\/open-bites\/#breadcrumb\",\"itemListElement\":[{\"@type\":\"ListItem\",\"position\":1,\"name\":\"Home\",\"item\":\"https:\/\/www.suresmile.com\/fr-fr\/\"},{\"@type\":\"ListItem\",\"position\":2,\"name\":\"Open Bites\"}]},{\"@type\":\"WebSite\",\"@id\":\"https:\/\/www.suresmile.com\/fr-fr\/#website\",\"url\":\"https:\/\/www.suresmile.com\/fr-fr\/\",\"name\":\"SureSmile France\",\"description\":\"\",\"publisher\":{\"@id\":\"https:\/\/www.suresmile.com\/fr-fr\/#organization\"},\"potentialAction\":[{\"@type\":\"SearchAction\",\"target\":{\"@type\":\"EntryPoint\",\"urlTemplate\":\"https:\/\/www.suresmile.com\/fr-fr\/?s={search_term_string}\"},\"query-input\":{\"@type\":\"PropertyValueSpecification\",\"valueRequired\":true,\"valueName\":\"search_term_string\"}}],\"inLanguage\":\"en-US\"},{\"@type\":\"Organization\",\"@id\":\"https:\/\/www.suresmile.com\/fr-fr\/#organization\",\"name\":\"SureSmile France\",\"url\":\"https:\/\/www.suresmile.com\/fr-fr\/\",\"logo\":{\"@type\":\"ImageObject\",\"inLanguage\":\"en-US\",\"@id\":\"https:\/\/www.suresmile.com\/fr-fr\/#\/schema\/logo\/image\/\",\"url\":\"https:\/\/www.suresmile.com\/fr-fr\/wp-content\/uploads\/sites\/39\/2024\/11\/cropped-SS-Logo_Gray.png\",\"contentUrl\":\"https:\/\/www.suresmile.com\/fr-fr\/wp-content\/uploads\/sites\/39\/2024\/11\/cropped-SS-Logo_Gray.png\",\"width\":1200,\"height\":234,\"caption\":\"SureSmile France\"},\"image\":{\"@id\":\"https:\/\/www.suresmile.com\/fr-fr\/#\/schema\/logo\/image\/\"}}]}<\/script>\n<!-- \/ Yoast SEO plugin. -->","yoast_head_json":{"title":"Aligneurs pour une b\u00e9ance ? | En savoir plus","description":"Vous vous demandez si vous pouvez corriger votre occlusion avec des aligneurs ? Cliquez-ici pour d\u00e9couvrir comment obtenir un sourire beau et sain. En savoir plus !","robots":{"index":"index","follow":"follow","max-snippet":"max-snippet:-1","max-image-preview":"max-image-preview:large","max-video-preview":"max-video-preview:-1"},"canonical":"https:\/\/www.suresmile.com\/fr-fr\/open-bites\/","og_locale":"en_US","og_type":"article","og_title":"Aligneurs pour une b\u00e9ance ? | En savoir plus","og_description":"Vous vous demandez si vous pouvez corriger votre occlusion avec des aligneurs ? Cliquez-ici pour d\u00e9couvrir comment obtenir un sourire beau et sain. En savoir plus !","og_url":"https:\/\/www.suresmile.com\/fr-fr\/open-bites\/","og_site_name":"SureSmile France","article_modified_time":"2023-05-02T08:59:46+00:00","og_image":[{"url":"https:\/\/www.suresmile.com\/en-us\/wp-content\/uploads\/sites\/13\/2022\/07\/treatable-cases_SS_treatable-cases_spacing-06.png","type":"","width":"","height":""}],"twitter_card":"summary_large_image","twitter_misc":{"Est. reading time":"2 minutes"},"schema":{"@context":"https:\/\/schema.org","@graph":[{"@type":"WebPage","@id":"https:\/\/www.suresmile.com\/fr-fr\/open-bites\/","url":"https:\/\/www.suresmile.com\/fr-fr\/open-bites\/","name":"Aligneurs pour une b\u00e9ance ? | En savoir plus","isPartOf":{"@id":"https:\/\/www.suresmile.com\/fr-fr\/#website"},"primaryImageOfPage":{"@id":"https:\/\/www.suresmile.com\/fr-fr\/open-bites\/#primaryimage"},"image":{"@id":"https:\/\/www.suresmile.com\/fr-fr\/open-bites\/#primaryimage"},"thumbnailUrl":"https:\/\/www.suresmile.com\/en-us\/wp-content\/uploads\/sites\/13\/2022\/07\/treatable-cases_SS_treatable-cases_spacing-06.png","datePublished":"2023-03-14T14:57:15+00:00","dateModified":"2023-05-02T08:59:46+00:00","description":"Vous vous demandez si vous pouvez corriger votre occlusion avec des aligneurs ? Cliquez-ici pour d\u00e9couvrir comment obtenir un sourire beau et sain. En savoir plus !","breadcrumb":{"@id":"https:\/\/www.suresmile.com\/fr-fr\/open-bites\/#breadcrumb"},"inLanguage":"en-US","potentialAction":[{"@type":"ReadAction","target":["https:\/\/www.suresmile.com\/fr-fr\/open-bites\/"]}]},{"@type":"ImageObject","inLanguage":"en-US","@id":"https:\/\/www.suresmile.com\/fr-fr\/open-bites\/#primaryimage","url":"https:\/\/www.suresmile.com\/en-us\/wp-content\/uploads\/sites\/13\/2022\/07\/treatable-cases_SS_treatable-cases_spacing-06.png","contentUrl":"https:\/\/www.suresmile.com\/en-us\/wp-content\/uploads\/sites\/13\/2022\/07\/treatable-cases_SS_treatable-cases_spacing-06.png"},{"@type":"BreadcrumbList","@id":"https:\/\/www.suresmile.com\/fr-fr\/open-bites\/#breadcrumb","itemListElement":[{"@type":"ListItem","position":1,"name":"Home","item":"https:\/\/www.suresmile.com\/fr-fr\/"},{"@type":"ListItem","position":2,"name":"Open Bites"}]},{"@type":"WebSite","@id":"https:\/\/www.suresmile.com\/fr-fr\/#website","url":"https:\/\/www.suresmile.com\/fr-fr\/","name":"SureSmile France","description":"","publisher":{"@id":"https:\/\/www.suresmile.com\/fr-fr\/#organization"},"potentialAction":[{"@type":"SearchAction","target":{"@type":"EntryPoint","urlTemplate":"https:\/\/www.suresmile.com\/fr-fr\/?s={search_term_string}"},"query-input":{"@type":"PropertyValueSpecification","valueRequired":true,"valueName":"search_term_string"}}],"inLanguage":"en-US"},{"@type":"Organization","@id":"https:\/\/www.suresmile.com\/fr-fr\/#organization","name":"SureSmile France","url":"https:\/\/www.suresmile.com\/fr-fr\/","logo":{"@type":"ImageObject","inLanguage":"en-US","@id":"https:\/\/www.suresmile.com\/fr-fr\/#\/schema\/logo\/image\/","url":"https:\/\/www.suresmile.com\/fr-fr\/wp-content\/uploads\/sites\/39\/2024\/11\/cropped-SS-Logo_Gray.png","contentUrl":"https:\/\/www.suresmile.com\/fr-fr\/wp-content\/uploads\/sites\/39\/2024\/11\/cropped-SS-Logo_Gray.png","width":1200,"height":234,"caption":"SureSmile France"},"image":{"@id":"https:\/\/www.suresmile.com\/fr-fr\/#\/schema\/logo\/image\/"}}]}},"_links":{"self":[{"href":"https:\/\/www.suresmile.com\/fr-fr\/wp-json\/wp\/v2\/pages\/23168","targetHints":{"allow":["GET"]}}],"collection":[{"href":"https:\/\/www.suresmile.com\/fr-fr\/wp-json\/wp\/v2\/pages"}],"about":[{"href":"https:\/\/www.suresmile.com\/fr-fr\/wp-json\/wp\/v2\/types\/page"}],"author":[{"embeddable":true,"href":"https:\/\/www.suresmile.com\/fr-fr\/wp-json\/wp\/v2\/users\/19"}],"replies":[{"embeddable":true,"href":"https:\/\/www.suresmile.com\/fr-fr\/wp-json\/wp\/v2\/comments?post=23168"}],"version-history":[{"count":37,"href":"https:\/\/www.suresmile.com\/fr-fr\/wp-json\/wp\/v2\/pages\/23168\/revisions"}],"predecessor-version":[{"id":23982,"href":"https:\/\/www.suresmile.com\/fr-fr\/wp-json\/wp\/v2\/pages\/23168\/revisions\/23982"}],"wp:attachment":[{"href":"https:\/\/www.suresmile.com\/fr-fr\/wp-json\/wp\/v2\/media?parent=23168"}],"curies":[{"name":"wp","href":"https:\/\/api.w.org\/{rel}","templated":true}]}}