{"id":23179,"date":"2023-03-21T17:51:42","date_gmt":"2023-03-21T17:51:42","guid":{"rendered":"https:\/\/www.suresmile.com\/fr-fr\/?page_id=23179"},"modified":"2023-04-28T09:08:36","modified_gmt":"2023-04-28T09:08:36","slug":"crowding","status":"publish","type":"page","link":"https:\/\/www.suresmile.com\/fr-fr\/crowding\/","title":{"rendered":"Crowding"},"content":{"rendered":"\t\t<div data-elementor-type=\"wp-page\" data-elementor-id=\"23179\" class=\"elementor elementor-23179\" data-elementor-post-type=\"page\">\n\t\t\t\t\t\t<section class=\"elementor-section elementor-top-section elementor-element elementor-element-e22701c elementor-section-height-min-height elementor-section-content-middle elementor-section-stretched elementor-section-boxed elementor-section-height-default elementor-section-items-middle\" data-id=\"e22701c\" data-element_type=\"section\" data-settings=\"{&quot;background_background&quot;:&quot;classic&quot;,&quot;stretch_section&quot;:&quot;section-stretched&quot;}\">\n\t\t\t\t\t\t<div class=\"elementor-container elementor-column-gap-extended\">\n\t\t\t\t\t<div class=\"elementor-column elementor-col-100 elementor-top-column elementor-element elementor-element-4d4e63b\" data-id=\"4d4e63b\" data-element_type=\"column\">\n\t\t\t<div class=\"elementor-widget-wrap elementor-element-populated\">\n\t\t\t\t\t<div class=\"elementor-background-overlay\"><\/div>\n\t\t\t\t\t\t<div class=\"elementor-element elementor-element-a3f30c1 elementor-widget elementor-widget-heading\" data-id=\"a3f30c1\" data-element_type=\"widget\" data-widget_type=\"heading.default\">\n\t\t\t\t<div class=\"elementor-widget-container\">\n\t\t\t\t\t<h1 class=\"elementor-heading-title elementor-size-default\">Encombrement<\/h1>\t\t\t\t<\/div>\n\t\t\t\t<\/div>\n\t\t\t\t\t<\/div>\n\t\t<\/div>\n\t\t\t\t\t<\/div>\n\t\t<\/section>\n\t\t\t\t<section class=\"elementor-section elementor-top-section elementor-element elementor-element-c983f72 elementor-section-stretched elementor-section-boxed elementor-section-height-default elementor-section-height-default\" data-id=\"c983f72\" data-element_type=\"section\" data-settings=\"{&quot;stretch_section&quot;:&quot;section-stretched&quot;}\">\n\t\t\t\t\t\t<div class=\"elementor-container elementor-column-gap-extended\">\n\t\t\t\t\t<div class=\"elementor-column elementor-col-50 elementor-top-column elementor-element elementor-element-ff14359\" data-id=\"ff14359\" data-element_type=\"column\" data-settings=\"{&quot;background_background&quot;:&quot;classic&quot;}\">\n\t\t\t<div class=\"elementor-widget-wrap elementor-element-populated\">\n\t\t\t\t\t\t<div class=\"elementor-element elementor-element-6e27a0b elementor-widget elementor-widget-heading\" data-id=\"6e27a0b\" data-element_type=\"widget\" data-widget_type=\"heading.default\">\n\t\t\t\t<div class=\"elementor-widget-container\">\n\t\t\t\t\t<h2 class=\"elementor-heading-title elementor-size-default\">Qu'est-ce que l\u2019encombrement ?\n\n<\/h2>\t\t\t\t<\/div>\n\t\t\t\t<\/div>\n\t\t\t\t<div class=\"elementor-element elementor-element-05ec992 elementor-widget elementor-widget-text-editor\" data-id=\"05ec992\" data-element_type=\"widget\" data-widget_type=\"text-editor.default\">\n\t\t\t\t<div class=\"elementor-widget-container\">\n\t\t\t\t\t\t\t\t\t<p>Lorsque votre m\u00e2choire n&#8217;a pas assez d&#8217;espace pour que vos dents soient confortablement install\u00e9es, elles se d\u00e9placent, se chevauchent et provoquent ce que les praticiens appellent un &#8220;encombrement&#8221;. L\u2019encombrement peut amener vos dents \u00e0 pousser vers l&#8217;avant, \u00e0 tirer vers l&#8217;arri\u00e8re ou \u00e0 envahir l&#8217;espace des dents voisines.<\/p>\t\t\t\t\t\t\t\t<\/div>\n\t\t\t\t<\/div>\n\t\t\t\t\t<\/div>\n\t\t<\/div>\n\t\t\t\t<div class=\"elementor-column elementor-col-50 elementor-top-column elementor-element elementor-element-bdc4fda elementor-hidden-phone elementor-hidden-tablet\" data-id=\"bdc4fda\" data-element_type=\"column\" data-settings=\"{&quot;background_background&quot;:&quot;classic&quot;}\">\n\t\t\t<div class=\"elementor-widget-wrap\">\n\t\t\t\t\t\t\t<\/div>\n\t\t<\/div>\n\t\t\t\t\t<\/div>\n\t\t<\/section>\n\t\t\t\t<section class=\"elementor-section elementor-top-section elementor-element elementor-element-3984e19 elementor-section-full_width elementor-section-stretched elementor-hidden-desktop elementor-section-height-default elementor-section-height-default\" data-id=\"3984e19\" data-element_type=\"section\" data-settings=\"{&quot;stretch_section&quot;:&quot;section-stretched&quot;}\">\n\t\t\t\t\t\t<div class=\"elementor-container elementor-column-gap-default\">\n\t\t\t\t\t<div class=\"elementor-column elementor-col-100 elementor-top-column elementor-element elementor-element-3f349c9\" data-id=\"3f349c9\" data-element_type=\"column\">\n\t\t\t<div class=\"elementor-widget-wrap elementor-element-populated\">\n\t\t\t\t\t\t<div class=\"elementor-element elementor-element-26045a4 elementor-hidden-desktop elementor-hidden-tablet elementor-widget elementor-widget-image\" data-id=\"26045a4\" data-element_type=\"widget\" data-widget_type=\"image.default\">\n\t\t\t\t<div class=\"elementor-widget-container\">\n\t\t\t\t\t\t\t\t\t\t\t\t\t\t\t<img decoding=\"async\" src=\"https:\/\/www.suresmile.com\/en-us\/wp-content\/uploads\/sites\/13\/2022\/07\/treatable-cases_SS_treatable-cases_overcrowding.png\" title=\"\" alt=\"\" loading=\"lazy\" \/>\t\t\t\t\t\t\t\t\t\t\t\t\t\t\t<\/div>\n\t\t\t\t<\/div>\n\t\t\t\t\t<\/div>\n\t\t<\/div>\n\t\t\t\t\t<\/div>\n\t\t<\/section>\n\t\t\t\t<section class=\"elementor-section elementor-top-section elementor-element elementor-element-b0d0710 elementor-section-stretched elementor-section-boxed elementor-section-height-default elementor-section-height-default\" data-id=\"b0d0710\" data-element_type=\"section\" data-settings=\"{&quot;stretch_section&quot;:&quot;section-stretched&quot;,&quot;background_background&quot;:&quot;classic&quot;}\">\n\t\t\t\t\t\t<div class=\"elementor-container elementor-column-gap-default\">\n\t\t\t\t\t<div class=\"elementor-column elementor-col-100 elementor-top-column elementor-element elementor-element-84c6edf\" data-id=\"84c6edf\" data-element_type=\"column\" data-settings=\"{&quot;background_background&quot;:&quot;classic&quot;}\">\n\t\t\t<div class=\"elementor-widget-wrap elementor-element-populated\">\n\t\t\t\t\t\t<div class=\"elementor-element elementor-element-6cfc58b elementor-widget elementor-widget-heading\" data-id=\"6cfc58b\" data-element_type=\"widget\" data-widget_type=\"heading.default\">\n\t\t\t\t<div class=\"elementor-widget-container\">\n\t\t\t\t\t<h2 class=\"elementor-heading-title elementor-size-default\">Foire Aux Questions<\/h2>\t\t\t\t<\/div>\n\t\t\t\t<\/div>\n\t\t\t\t<div class=\"elementor-element elementor-element-54cc4b7 elementor-widget elementor-widget-toggle\" data-id=\"54cc4b7\" data-element_type=\"widget\" data-widget_type=\"toggle.default\">\n\t\t\t\t<div class=\"elementor-widget-container\">\n\t\t\t\t\t\t\t<div class=\"elementor-toggle\">\n\t\t\t\t\t\t\t<div class=\"elementor-toggle-item\">\n\t\t\t\t\t<div id=\"elementor-tab-title-8891\" class=\"elementor-tab-title\" data-tab=\"1\" role=\"button\" aria-controls=\"elementor-tab-content-8891\" aria-expanded=\"false\">\n\t\t\t\t\t\t\t\t\t\t\t\t<span class=\"elementor-toggle-icon elementor-toggle-icon-right\" aria-hidden=\"true\">\n\t\t\t\t\t\t\t\t\t\t\t\t\t\t\t<span class=\"elementor-toggle-icon-closed\"><i class=\"fas fa-chevron-down\"><\/i><\/span>\n\t\t\t\t\t\t\t\t<span class=\"elementor-toggle-icon-opened\"><i class=\"elementor-toggle-icon-opened fas fa-chevron-up\"><\/i><\/span>\n\t\t\t\t\t\t\t\t\t\t\t\t\t<\/span>\n\t\t\t\t\t\t\t\t\t\t\t\t<a class=\"elementor-toggle-title\" tabindex=\"0\">Pourquoi devrais-je corriger mes dents encombr\u00e9es ?<\/a>\n\t\t\t\t\t<\/div>\n\n\t\t\t\t\t<div id=\"elementor-tab-content-8891\" class=\"elementor-tab-content elementor-clearfix\" data-tab=\"1\" role=\"region\" aria-labelledby=\"elementor-tab-title-8891\"><p>L\u2019encombrement peut \u00eatre un probl\u00e8me visible et rend tr\u00e8s difficile le brossage et l&#8217;utilisation du fil dentaire, ce qui peut permettre au tartre, \u00e0 la plaque dentaire et aux bact\u00e9ries nocives de s&#8217;accumuler et de causer plus tard d&#8217;autres probl\u00e8mes de sant\u00e9 bucco-dentaire comme les caries et les maladies des gencives.<\/p><\/div>\n\t\t\t\t<\/div>\n\t\t\t\t\t\t\t<div class=\"elementor-toggle-item\">\n\t\t\t\t\t<div id=\"elementor-tab-title-8892\" class=\"elementor-tab-title\" data-tab=\"2\" role=\"button\" aria-controls=\"elementor-tab-content-8892\" aria-expanded=\"false\">\n\t\t\t\t\t\t\t\t\t\t\t\t<span class=\"elementor-toggle-icon elementor-toggle-icon-right\" aria-hidden=\"true\">\n\t\t\t\t\t\t\t\t\t\t\t\t\t\t\t<span class=\"elementor-toggle-icon-closed\"><i class=\"fas fa-chevron-down\"><\/i><\/span>\n\t\t\t\t\t\t\t\t<span class=\"elementor-toggle-icon-opened\"><i class=\"elementor-toggle-icon-opened fas fa-chevron-up\"><\/i><\/span>\n\t\t\t\t\t\t\t\t\t\t\t\t\t<\/span>\n\t\t\t\t\t\t\t\t\t\t\t\t<a class=\"elementor-toggle-title\" tabindex=\"0\">Les aligneurs SureSmile<sup>\u00ae<\/sup> peuvent-elles aider \u00e0 traiter les dents encombr\u00e9es ?<\/a>\n\t\t\t\t\t<\/div>\n\n\t\t\t\t\t<div id=\"elementor-tab-content-8892\" class=\"elementor-tab-content elementor-clearfix\" data-tab=\"2\" role=\"region\" aria-labelledby=\"elementor-tab-title-8892\">Pour les encombrements qui peuvent \u00eatre corrig\u00e9s en d\u00e9pla\u00e7ant les dents dans la m\u00e2choire, les aligneurs SureSmile<sup>\u00ae<\/sup> sont un choix pratique et efficace. Parfois, une aide \u00e0 la mise en place de la m\u00e2choire est n\u00e9cessaire, et c&#8217;est donc la gravit\u00e9 de l\u2019encombrement qui d\u00e9terminera si les aligneurs sont un bon choix. Un professionnel des soins dentaires sera en mesure de vous conseiller sur la meilleure marche \u00e0 suivre pour votre cas particulier. Vous pouvez \u00eatre s\u00fbr que SureSmile<sup>\u00ae<\/sup> vous soutiendra, vous et votre praticien, tout au long de votre exp\u00e9rience. Prenez rendez-vous pour une consultation d\u00e8s aujourd&#8217;hui.<\/div>\n\t\t\t\t<\/div>\n\t\t\t\t\t\t\t\t<\/div>\n\t\t\t\t\t\t<\/div>\n\t\t\t\t<\/div>\n\t\t\t\t\t<\/div>\n\t\t<\/div>\n\t\t\t\t\t<\/div>\n\t\t<\/section>\n\t\t\t\t<section class=\"elementor-section elementor-top-section elementor-element elementor-element-3955676 elementor-section-boxed elementor-section-height-default elementor-section-height-default\" data-id=\"3955676\" data-element_type=\"section\">\n\t\t\t\t\t\t<div class=\"elementor-container elementor-column-gap-default\">\n\t\t\t\t\t<div class=\"elementor-column elementor-col-100 elementor-top-column elementor-element elementor-element-794cde9\" data-id=\"794cde9\" data-element_type=\"column\">\n\t\t\t<div class=\"elementor-widget-wrap elementor-element-populated\">\n\t\t\t\t\t\t<div class=\"elementor-element elementor-element-0bca289 elementor-widget elementor-widget-menu-anchor\" data-id=\"0bca289\" data-element_type=\"widget\" data-widget_type=\"menu-anchor.default\">\n\t\t\t\t<div class=\"elementor-widget-container\">\n\t\t\t\t\t\t\t<div class=\"elementor-menu-anchor\" id=\"source\"><\/div>\n\t\t\t\t\t\t<\/div>\n\t\t\t\t<\/div>\n\t\t\t\t<div class=\"elementor-element elementor-element-9d3ad7d elementor-widget elementor-widget-text-editor\" data-id=\"9d3ad7d\" data-element_type=\"widget\" data-widget_type=\"text-editor.default\">\n\t\t\t\t<div class=\"elementor-widget-container\">\n\t\t\t\t\t\t\t\t\t<p>Ces dispositifs m\u00e9dicaux sont des produits de sant\u00e9 r\u00e9glement\u00e9s.<\/p><p>Les <strong>Aligneurs SureSmile<sup>\u00ae<\/sup><\/strong> sont des dispositifs m\u00e9dicaux sur mesure. Ce sont des goutti\u00e8res en plastique transparent de marque ESSIX utilis\u00e9es pour des traitements orthodontiques sur mesure. Ces produits ne peuvent \u00eatre prescrits qu&#8217;apr\u00e8s une consultation chez un professionnel de sant\u00e9 bucco-dentaire. Veuillez lire attentivement la notice. Fabricant : Orametrix Inc.<br \/><strong>SureSmile<sup>\u00ae<\/sup> VPro\u2122<\/strong> est un dispositif m\u00e9dical qui porte, au titre de la r\u00e9glementation, le marquage CE2797. Dispositif \u00e0 vibrations \u00e0 haute fr\u00e9quence (HFV) destin\u00e9 aux patients qui suivent un traitement orthodontique avec des aligneurs pour faciliter les mouvements mineurs des dents ant\u00e9rieures. Fabricant\u00a0: Dentsply LLC<br \/>Les <strong>Contentions SureSmile<sup>\u00ae<\/sup><\/strong> sont des dispositifs m\u00e9dicaux sur mesure. Ce sont des goutti\u00e8res en plastique transparent de marque ESSIX utilis\u00e9es pour la contention et la pr\u00e9vention des r\u00e9cidives \u00e0 la fin d\u2019un traitement orthodontique. Ces produits ne peuvent \u00eatre prescrits qu&#8217;apr\u00e8s une consultation chez un professionnel de sant\u00e9 bucco-dentaire. Veuillez lire attentivement la notice. Fabricant : Orametrix Inc. Rev : 05\/2023\u00a0<\/p>\t\t\t\t\t\t\t\t<\/div>\n\t\t\t\t<\/div>\n\t\t\t\t\t<\/div>\n\t\t<\/div>\n\t\t\t\t\t<\/div>\n\t\t<\/section>\n\t\t\t\t<\/div>\n\t\t","protected":false},"excerpt":{"rendered":"<p>Encombrement Qu&#8217;est-ce que l\u2019encombrement ? Lorsque votre m\u00e2choire n&#8217;a pas assez d&#8217;espace pour que vos dents soient confortablement install\u00e9es, elles se d\u00e9placent, se chevauchent et provoquent ce que les praticiens appellent un &#8220;encombrement&#8221;. L\u2019encombrement peut amener vos dents \u00e0 pousser vers l&#8217;avant, \u00e0 tirer vers l&#8217;arri\u00e8re ou \u00e0 envahir l&#8217;espace des dents voisines. Foire Aux [&hellip;]<\/p>\n","protected":false},"author":19,"featured_media":0,"parent":0,"menu_order":0,"comment_status":"closed","ping_status":"closed","template":"","meta":{"ocean_post_layout":"","ocean_both_sidebars_style":"","ocean_both_sidebars_content_width":0,"ocean_both_sidebars_sidebars_width":0,"ocean_sidebar":"0","ocean_second_sidebar":"0","ocean_disable_margins":"enable","ocean_add_body_class":"","ocean_shortcode_before_top_bar":"","ocean_shortcode_after_top_bar":"","ocean_shortcode_before_header":"","ocean_shortcode_after_header":"","ocean_has_shortcode":"","ocean_shortcode_after_title":"","ocean_shortcode_before_footer_widgets":"","ocean_shortcode_after_footer_widgets":"","ocean_shortcode_before_footer_bottom":"","ocean_shortcode_after_footer_bottom":"","ocean_display_top_bar":"default","ocean_display_header":"default","ocean_header_style":"","ocean_center_header_left_menu":"0","ocean_custom_header_template":"0","ocean_custom_logo":0,"ocean_custom_retina_logo":0,"ocean_custom_logo_max_width":0,"ocean_custom_logo_tablet_max_width":0,"ocean_custom_logo_mobile_max_width":0,"ocean_custom_logo_max_height":0,"ocean_custom_logo_tablet_max_height":0,"ocean_custom_logo_mobile_max_height":0,"ocean_header_custom_menu":"0","ocean_menu_typo_font_family":"0","ocean_menu_typo_font_subset":"","ocean_menu_typo_font_size":0,"ocean_menu_typo_font_size_tablet":0,"ocean_menu_typo_font_size_mobile":0,"ocean_menu_typo_font_size_unit":"px","ocean_menu_typo_font_weight":"","ocean_menu_typo_font_weight_tablet":"","ocean_menu_typo_font_weight_mobile":"","ocean_menu_typo_transform":"","ocean_menu_typo_transform_tablet":"","ocean_menu_typo_transform_mobile":"","ocean_menu_typo_line_height":0,"ocean_menu_typo_line_height_tablet":0,"ocean_menu_typo_line_height_mobile":0,"ocean_menu_typo_line_height_unit":"","ocean_menu_typo_spacing":0,"ocean_menu_typo_spacing_tablet":0,"ocean_menu_typo_spacing_mobile":0,"ocean_menu_typo_spacing_unit":"","ocean_menu_link_color":"","ocean_menu_link_color_hover":"","ocean_menu_link_color_active":"","ocean_menu_link_background":"","ocean_menu_link_hover_background":"","ocean_menu_link_active_background":"","ocean_menu_social_links_bg":"","ocean_menu_social_hover_links_bg":"","ocean_menu_social_links_color":"","ocean_menu_social_hover_links_color":"","ocean_disable_title":"default","ocean_disable_heading":"default","ocean_post_title":"","ocean_post_subheading":"","ocean_post_title_style":"","ocean_post_title_background_color":"","ocean_post_title_background":0,"ocean_post_title_bg_image_position":"","ocean_post_title_bg_image_attachment":"","ocean_post_title_bg_image_repeat":"","ocean_post_title_bg_image_size":"","ocean_post_title_height":0,"ocean_post_title_bg_overlay":0.5,"ocean_post_title_bg_overlay_color":"","ocean_disable_breadcrumbs":"default","ocean_breadcrumbs_color":"","ocean_breadcrumbs_separator_color":"","ocean_breadcrumbs_links_color":"","ocean_breadcrumbs_links_hover_color":"","ocean_display_footer_widgets":"default","ocean_display_footer_bottom":"default","ocean_custom_footer_template":"0","footnotes":""},"class_list":["post-23179","page","type-page","status-publish","hentry","entry"],"yoast_head":"<!-- This site is optimized with the Yoast SEO plugin v24.7 - https:\/\/yoast.com\/wordpress\/plugins\/seo\/ -->\n<title>Des aligneurs pour l\u2019encombrement dentaire ? En savoir plus ! | SureSmile<\/title>\n<meta name=\"description\" content=\"Vous vous demandez si vous pouvez r\u00e9soudre le probl\u00e8me de l\u2019encombrement dentaire avec des aligneurs ? Cliquez-ici pour d\u00e9couvrir comment d\u00e9placer vos dents avec SureSmile. En savoir plus !\" \/>\n<meta name=\"robots\" content=\"index, follow, max-snippet:-1, max-image-preview:large, max-video-preview:-1\" \/>\n<link rel=\"canonical\" href=\"https:\/\/www.suresmile.com\/fr-fr\/crowding\/\" \/>\n<meta property=\"og:locale\" content=\"en_US\" \/>\n<meta property=\"og:type\" content=\"article\" \/>\n<meta property=\"og:title\" content=\"Des aligneurs pour l\u2019encombrement dentaire ? En savoir plus ! | SureSmile\" \/>\n<meta property=\"og:description\" content=\"Vous vous demandez si vous pouvez r\u00e9soudre le probl\u00e8me de l\u2019encombrement dentaire avec des aligneurs ? Cliquez-ici pour d\u00e9couvrir comment d\u00e9placer vos dents avec SureSmile. En savoir plus !\" \/>\n<meta property=\"og:url\" content=\"https:\/\/www.suresmile.com\/fr-fr\/crowding\/\" \/>\n<meta property=\"og:site_name\" content=\"SureSmile France\" \/>\n<meta property=\"article:modified_time\" content=\"2023-04-28T09:08:36+00:00\" \/>\n<meta property=\"og:image\" content=\"https:\/\/www.suresmile.com\/en-us\/wp-content\/uploads\/sites\/13\/2022\/07\/treatable-cases_SS_treatable-cases_overcrowding.png\" \/>\n<meta name=\"twitter:card\" content=\"summary_large_image\" \/>\n<meta name=\"twitter:label1\" content=\"Est. reading time\" \/>\n\t<meta name=\"twitter:data1\" content=\"2 minutes\" \/>\n<script type=\"application\/ld+json\" class=\"yoast-schema-graph\">{\"@context\":\"https:\/\/schema.org\",\"@graph\":[{\"@type\":\"WebPage\",\"@id\":\"https:\/\/www.suresmile.com\/fr-fr\/crowding\/\",\"url\":\"https:\/\/www.suresmile.com\/fr-fr\/crowding\/\",\"name\":\"Des aligneurs pour l\u2019encombrement dentaire ? En savoir plus ! | SureSmile\",\"isPartOf\":{\"@id\":\"https:\/\/www.suresmile.com\/fr-fr\/#website\"},\"primaryImageOfPage\":{\"@id\":\"https:\/\/www.suresmile.com\/fr-fr\/crowding\/#primaryimage\"},\"image\":{\"@id\":\"https:\/\/www.suresmile.com\/fr-fr\/crowding\/#primaryimage\"},\"thumbnailUrl\":\"https:\/\/www.suresmile.com\/en-us\/wp-content\/uploads\/sites\/13\/2022\/07\/treatable-cases_SS_treatable-cases_overcrowding.png\",\"datePublished\":\"2023-03-21T17:51:42+00:00\",\"dateModified\":\"2023-04-28T09:08:36+00:00\",\"description\":\"Vous vous demandez si vous pouvez r\u00e9soudre le probl\u00e8me de l\u2019encombrement dentaire avec des aligneurs ? Cliquez-ici pour d\u00e9couvrir comment d\u00e9placer vos dents avec SureSmile. En savoir plus !\",\"breadcrumb\":{\"@id\":\"https:\/\/www.suresmile.com\/fr-fr\/crowding\/#breadcrumb\"},\"inLanguage\":\"en-US\",\"potentialAction\":[{\"@type\":\"ReadAction\",\"target\":[\"https:\/\/www.suresmile.com\/fr-fr\/crowding\/\"]}]},{\"@type\":\"ImageObject\",\"inLanguage\":\"en-US\",\"@id\":\"https:\/\/www.suresmile.com\/fr-fr\/crowding\/#primaryimage\",\"url\":\"https:\/\/www.suresmile.com\/en-us\/wp-content\/uploads\/sites\/13\/2022\/07\/treatable-cases_SS_treatable-cases_overcrowding.png\",\"contentUrl\":\"https:\/\/www.suresmile.com\/en-us\/wp-content\/uploads\/sites\/13\/2022\/07\/treatable-cases_SS_treatable-cases_overcrowding.png\"},{\"@type\":\"BreadcrumbList\",\"@id\":\"https:\/\/www.suresmile.com\/fr-fr\/crowding\/#breadcrumb\",\"itemListElement\":[{\"@type\":\"ListItem\",\"position\":1,\"name\":\"Home\",\"item\":\"https:\/\/www.suresmile.com\/fr-fr\/\"},{\"@type\":\"ListItem\",\"position\":2,\"name\":\"Crowding\"}]},{\"@type\":\"WebSite\",\"@id\":\"https:\/\/www.suresmile.com\/fr-fr\/#website\",\"url\":\"https:\/\/www.suresmile.com\/fr-fr\/\",\"name\":\"SureSmile France\",\"description\":\"\",\"publisher\":{\"@id\":\"https:\/\/www.suresmile.com\/fr-fr\/#organization\"},\"potentialAction\":[{\"@type\":\"SearchAction\",\"target\":{\"@type\":\"EntryPoint\",\"urlTemplate\":\"https:\/\/www.suresmile.com\/fr-fr\/?s={search_term_string}\"},\"query-input\":{\"@type\":\"PropertyValueSpecification\",\"valueRequired\":true,\"valueName\":\"search_term_string\"}}],\"inLanguage\":\"en-US\"},{\"@type\":\"Organization\",\"@id\":\"https:\/\/www.suresmile.com\/fr-fr\/#organization\",\"name\":\"SureSmile France\",\"url\":\"https:\/\/www.suresmile.com\/fr-fr\/\",\"logo\":{\"@type\":\"ImageObject\",\"inLanguage\":\"en-US\",\"@id\":\"https:\/\/www.suresmile.com\/fr-fr\/#\/schema\/logo\/image\/\",\"url\":\"https:\/\/www.suresmile.com\/fr-fr\/wp-content\/uploads\/sites\/39\/2024\/11\/cropped-SS-Logo_Gray.png\",\"contentUrl\":\"https:\/\/www.suresmile.com\/fr-fr\/wp-content\/uploads\/sites\/39\/2024\/11\/cropped-SS-Logo_Gray.png\",\"width\":1200,\"height\":234,\"caption\":\"SureSmile France\"},\"image\":{\"@id\":\"https:\/\/www.suresmile.com\/fr-fr\/#\/schema\/logo\/image\/\"}}]}<\/script>\n<!-- \/ Yoast SEO plugin. -->","yoast_head_json":{"title":"Des aligneurs pour l\u2019encombrement dentaire ? En savoir plus ! | SureSmile","description":"Vous vous demandez si vous pouvez r\u00e9soudre le probl\u00e8me de l\u2019encombrement dentaire avec des aligneurs ? Cliquez-ici pour d\u00e9couvrir comment d\u00e9placer vos dents avec SureSmile. En savoir plus !","robots":{"index":"index","follow":"follow","max-snippet":"max-snippet:-1","max-image-preview":"max-image-preview:large","max-video-preview":"max-video-preview:-1"},"canonical":"https:\/\/www.suresmile.com\/fr-fr\/crowding\/","og_locale":"en_US","og_type":"article","og_title":"Des aligneurs pour l\u2019encombrement dentaire ? En savoir plus ! | SureSmile","og_description":"Vous vous demandez si vous pouvez r\u00e9soudre le probl\u00e8me de l\u2019encombrement dentaire avec des aligneurs ? Cliquez-ici pour d\u00e9couvrir comment d\u00e9placer vos dents avec SureSmile. En savoir plus !","og_url":"https:\/\/www.suresmile.com\/fr-fr\/crowding\/","og_site_name":"SureSmile France","article_modified_time":"2023-04-28T09:08:36+00:00","og_image":[{"url":"https:\/\/www.suresmile.com\/en-us\/wp-content\/uploads\/sites\/13\/2022\/07\/treatable-cases_SS_treatable-cases_overcrowding.png","type":"","width":"","height":""}],"twitter_card":"summary_large_image","twitter_misc":{"Est. reading time":"2 minutes"},"schema":{"@context":"https:\/\/schema.org","@graph":[{"@type":"WebPage","@id":"https:\/\/www.suresmile.com\/fr-fr\/crowding\/","url":"https:\/\/www.suresmile.com\/fr-fr\/crowding\/","name":"Des aligneurs pour l\u2019encombrement dentaire ? En savoir plus ! | SureSmile","isPartOf":{"@id":"https:\/\/www.suresmile.com\/fr-fr\/#website"},"primaryImageOfPage":{"@id":"https:\/\/www.suresmile.com\/fr-fr\/crowding\/#primaryimage"},"image":{"@id":"https:\/\/www.suresmile.com\/fr-fr\/crowding\/#primaryimage"},"thumbnailUrl":"https:\/\/www.suresmile.com\/en-us\/wp-content\/uploads\/sites\/13\/2022\/07\/treatable-cases_SS_treatable-cases_overcrowding.png","datePublished":"2023-03-21T17:51:42+00:00","dateModified":"2023-04-28T09:08:36+00:00","description":"Vous vous demandez si vous pouvez r\u00e9soudre le probl\u00e8me de l\u2019encombrement dentaire avec des aligneurs ? Cliquez-ici pour d\u00e9couvrir comment d\u00e9placer vos dents avec SureSmile. En savoir plus !","breadcrumb":{"@id":"https:\/\/www.suresmile.com\/fr-fr\/crowding\/#breadcrumb"},"inLanguage":"en-US","potentialAction":[{"@type":"ReadAction","target":["https:\/\/www.suresmile.com\/fr-fr\/crowding\/"]}]},{"@type":"ImageObject","inLanguage":"en-US","@id":"https:\/\/www.suresmile.com\/fr-fr\/crowding\/#primaryimage","url":"https:\/\/www.suresmile.com\/en-us\/wp-content\/uploads\/sites\/13\/2022\/07\/treatable-cases_SS_treatable-cases_overcrowding.png","contentUrl":"https:\/\/www.suresmile.com\/en-us\/wp-content\/uploads\/sites\/13\/2022\/07\/treatable-cases_SS_treatable-cases_overcrowding.png"},{"@type":"BreadcrumbList","@id":"https:\/\/www.suresmile.com\/fr-fr\/crowding\/#breadcrumb","itemListElement":[{"@type":"ListItem","position":1,"name":"Home","item":"https:\/\/www.suresmile.com\/fr-fr\/"},{"@type":"ListItem","position":2,"name":"Crowding"}]},{"@type":"WebSite","@id":"https:\/\/www.suresmile.com\/fr-fr\/#website","url":"https:\/\/www.suresmile.com\/fr-fr\/","name":"SureSmile France","description":"","publisher":{"@id":"https:\/\/www.suresmile.com\/fr-fr\/#organization"},"potentialAction":[{"@type":"SearchAction","target":{"@type":"EntryPoint","urlTemplate":"https:\/\/www.suresmile.com\/fr-fr\/?s={search_term_string}"},"query-input":{"@type":"PropertyValueSpecification","valueRequired":true,"valueName":"search_term_string"}}],"inLanguage":"en-US"},{"@type":"Organization","@id":"https:\/\/www.suresmile.com\/fr-fr\/#organization","name":"SureSmile France","url":"https:\/\/www.suresmile.com\/fr-fr\/","logo":{"@type":"ImageObject","inLanguage":"en-US","@id":"https:\/\/www.suresmile.com\/fr-fr\/#\/schema\/logo\/image\/","url":"https:\/\/www.suresmile.com\/fr-fr\/wp-content\/uploads\/sites\/39\/2024\/11\/cropped-SS-Logo_Gray.png","contentUrl":"https:\/\/www.suresmile.com\/fr-fr\/wp-content\/uploads\/sites\/39\/2024\/11\/cropped-SS-Logo_Gray.png","width":1200,"height":234,"caption":"SureSmile France"},"image":{"@id":"https:\/\/www.suresmile.com\/fr-fr\/#\/schema\/logo\/image\/"}}]}},"_links":{"self":[{"href":"https:\/\/www.suresmile.com\/fr-fr\/wp-json\/wp\/v2\/pages\/23179","targetHints":{"allow":["GET"]}}],"collection":[{"href":"https:\/\/www.suresmile.com\/fr-fr\/wp-json\/wp\/v2\/pages"}],"about":[{"href":"https:\/\/www.suresmile.com\/fr-fr\/wp-json\/wp\/v2\/types\/page"}],"author":[{"embeddable":true,"href":"https:\/\/www.suresmile.com\/fr-fr\/wp-json\/wp\/v2\/users\/19"}],"replies":[{"embeddable":true,"href":"https:\/\/www.suresmile.com\/fr-fr\/wp-json\/wp\/v2\/comments?post=23179"}],"version-history":[{"count":53,"href":"https:\/\/www.suresmile.com\/fr-fr\/wp-json\/wp\/v2\/pages\/23179\/revisions"}],"predecessor-version":[{"id":23966,"href":"https:\/\/www.suresmile.com\/fr-fr\/wp-json\/wp\/v2\/pages\/23179\/revisions\/23966"}],"wp:attachment":[{"href":"https:\/\/www.suresmile.com\/fr-fr\/wp-json\/wp\/v2\/media?parent=23179"}],"curies":[{"name":"wp","href":"https:\/\/api.w.org\/{rel}","templated":true}]}}