{"id":98639,"date":"2024-04-26T09:02:05","date_gmt":"2024-04-26T09:02:05","guid":{"rendered":"https:\/\/www.suresmile.com\/pt-br\/?page_id=98639"},"modified":"2024-04-26T09:25:09","modified_gmt":"2024-04-26T09:25:09","slug":"suresmile-simulator","status":"publish","type":"page","link":"https:\/\/www.suresmile.com\/pt-br\/suresmile-simulator\/","title":{"rendered":"SureSmile Simulator"},"content":{"rendered":"\t\t<div data-elementor-type=\"wp-page\" data-elementor-id=\"98639\" class=\"elementor elementor-98639\" data-elementor-post-type=\"page\">\n\t\t\t\t\t\t<section class=\"elementor-section elementor-top-section elementor-element elementor-element-2c603fa elementor-section-height-min-height elementor-section-items-bottom elementor-section-stretched elementor-section-boxed elementor-section-height-default\" data-id=\"2c603fa\" data-element_type=\"section\" data-settings=\"{&quot;background_background&quot;:&quot;classic&quot;,&quot;stretch_section&quot;:&quot;section-stretched&quot;}\">\n\t\t\t\t\t\t<div class=\"elementor-container elementor-column-gap-extended\">\n\t\t\t\t\t<div class=\"elementor-column elementor-col-50 elementor-top-column elementor-element elementor-element-502af5e\" data-id=\"502af5e\" data-element_type=\"column\">\n\t\t\t<div class=\"elementor-widget-wrap elementor-element-populated\">\n\t\t\t\t\t<div class=\"elementor-background-overlay\"><\/div>\n\t\t\t\t\t\t<div class=\"elementor-element elementor-element-8a3295e elementor-widget elementor-widget-heading\" data-id=\"8a3295e\" data-element_type=\"widget\" data-widget_type=\"heading.default\">\n\t\t\t\t<div class=\"elementor-widget-container\">\n\t\t\t\t\t<h2 class=\"elementor-heading-title elementor-size-default\">SureSmile<sup>TM<\/sup> Simulator<\/h2>\t\t\t\t<\/div>\n\t\t\t\t<\/div>\n\t\t\t\t<div class=\"elementor-element elementor-element-8aa0f0a elementor-widget elementor-widget-text-editor\" data-id=\"8aa0f0a\" data-element_type=\"widget\" data-widget_type=\"text-editor.default\">\n\t\t\t\t<div class=\"elementor-widget-container\">\n\t\t\t\t\t\t\t\t\t<p>Veja seu novo sorriso<\/p>\t\t\t\t\t\t\t\t<\/div>\n\t\t\t\t<\/div>\n\t\t\t\t\t<\/div>\n\t\t<\/div>\n\t\t\t\t<div class=\"elementor-column elementor-col-50 elementor-top-column elementor-element elementor-element-51beeea elementor-hidden-tablet elementor-hidden-phone\" data-id=\"51beeea\" data-element_type=\"column\">\n\t\t\t<div class=\"elementor-widget-wrap\">\n\t\t\t\t\t\t\t<\/div>\n\t\t<\/div>\n\t\t\t\t\t<\/div>\n\t\t<\/section>\n\t\t\t\t<section class=\"elementor-section elementor-top-section elementor-element elementor-element-3ab4f46 elementor-section-boxed elementor-section-height-default elementor-section-height-default\" data-id=\"3ab4f46\" data-element_type=\"section\">\n\t\t\t\t\t\t<div class=\"elementor-container elementor-column-gap-default\">\n\t\t\t\t\t<div class=\"elementor-column elementor-col-100 elementor-top-column elementor-element elementor-element-5cc990e\" data-id=\"5cc990e\" data-element_type=\"column\">\n\t\t\t<div class=\"elementor-widget-wrap elementor-element-populated\">\n\t\t\t\t\t\t<div class=\"elementor-element elementor-element-6229e60 elementor-widget elementor-widget-text-editor\" data-id=\"6229e60\" data-element_type=\"widget\" data-widget_type=\"text-editor.default\">\n\t\t\t\t<div class=\"elementor-widget-container\">\n\t\t\t\t\t\t\t\t\t<p>Voc\u00ea est\u00e1 curioso sobre como seu sorriso poderia se transformar com os Alinhadores Transparentes SureSmile? Estamos emocionados em apresentar o SureSmile\u2122 Simulator &#8211; uma aplica\u00e7\u00e3o emocionante projetada para fornecer a voc\u00ea uma visualiza\u00e7\u00e3o 3D personalizada do seu poss\u00edvel novo sorriso!<\/p>\t\t\t\t\t\t\t\t<\/div>\n\t\t\t\t<\/div>\n\t\t\t\t<div class=\"elementor-element elementor-element-f28adb9 elementor-widget elementor-widget-heading\" data-id=\"f28adb9\" data-element_type=\"widget\" data-widget_type=\"heading.default\">\n\t\t\t\t<div class=\"elementor-widget-container\">\n\t\t\t\t\t<h2 class=\"elementor-heading-title elementor-size-default\">O que \u00e9 o SureSmile\u2122 Simulator? <\/h2>\t\t\t\t<\/div>\n\t\t\t\t<\/div>\n\t\t\t\t<div class=\"elementor-element elementor-element-a70a926 elementor-widget elementor-widget-text-editor\" data-id=\"a70a926\" data-element_type=\"widget\" data-widget_type=\"text-editor.default\">\n\t\t\t\t<div class=\"elementor-widget-container\">\n\t\t\t\t\t\t\t\t\t<p>O SureSmile Simulator \u00e9 uma pr\u00e9via personalizada do seu sorriso confiante. \u00c9 um software que cria uma visualiza\u00e7\u00e3o 3D de como seu sorriso poderia ficar ap\u00f3s o tratamento com os Alinhadores Transparentes SureSmile. Diga adeus ao trabalho de adivinha\u00e7\u00e3o e ol\u00e1 para uma vis\u00e3o clara do seu futuro sorriso!<\/p>\t\t\t\t\t\t\t\t<\/div>\n\t\t\t\t<\/div>\n\t\t\t\t<div class=\"elementor-element elementor-element-f64a634 elementor-widget elementor-widget-heading\" data-id=\"f64a634\" data-element_type=\"widget\" data-widget_type=\"heading.default\">\n\t\t\t\t<div class=\"elementor-widget-container\">\n\t\t\t\t\t<h2 class=\"elementor-heading-title elementor-size-default\">Por que explorar com o SureSmile\u2122 Simulator?\n<\/h2>\t\t\t\t<\/div>\n\t\t\t\t<\/div>\n\t\t\t\t<div class=\"elementor-element elementor-element-fd7fdf5 elementor-widget elementor-widget-text-editor\" data-id=\"fd7fdf5\" data-element_type=\"widget\" data-widget_type=\"text-editor.default\">\n\t\t\t\t<div class=\"elementor-widget-container\">\n\t\t\t\t\t\t\t\t\t<ul><li><b><b>Possibilidades Futuras: <\/b><\/b>Visualize seu potencial novo sorriso com uma pr\u00e9via 3D personalizada. Veja seus dentes se moverem diante dos seus olhos antes mesmo de come\u00e7ar o tratamento!<\/li><li><b><b>Empodere sua Decis\u00e3o: <\/b><\/b>Tome decis\u00f5es confiantes sobre sua jornada de sa\u00fade bucal discutindo os benef\u00edcios est\u00e9ticos e de sa\u00fade do tratamento ortod\u00f4ntico.<\/li><li><b><b>Seu Sorriso, do seu Jeito: <\/b><\/b>O SureSmile Simulator pode ajud\u00e1-lo a participar ativamente da sua jornada do sorriso com seu dentista. Explorem diferentes possibilidades juntos e estabele\u00e7a expectativas que estejam alinhadas com seus objetivos.<\/li><\/ul>\t\t\t\t\t\t\t\t<\/div>\n\t\t\t\t<\/div>\n\t\t\t\t<div class=\"elementor-element elementor-element-34f12a7 elementor-widget elementor-widget-heading\" data-id=\"34f12a7\" data-element_type=\"widget\" data-widget_type=\"heading.default\">\n\t\t\t\t<div class=\"elementor-widget-container\">\n\t\t\t\t\t<h2 class=\"elementor-heading-title elementor-size-default\">Como Funciona?\n<\/h2>\t\t\t\t<\/div>\n\t\t\t\t<\/div>\n\t\t\t\t<div class=\"elementor-element elementor-element-bc96dae elementor-widget elementor-widget-text-editor\" data-id=\"bc96dae\" data-element_type=\"widget\" data-widget_type=\"text-editor.default\">\n\t\t\t\t<div class=\"elementor-widget-container\">\n\t\t\t\t\t\t\t\t\t<p><strong>1.Consulta<\/strong><b>: <\/b>Seu m\u00e9dico pode apresentar o SureSmile\u2122 Simulator durante uma consulta de limpeza ou uma consulta ortod\u00f4ntica solicitada. \u00c9 aqui que come\u00e7a sua jornada do sorriso!<br \/><strong>2<\/strong>.<strong>Digitaliza\u00e7\u00e3o e Simula\u00e7\u00e3o: <\/strong>Ao utilizar equipamentos avan\u00e7ados como o scanner intraoral Primescan, seu dentista pode transformar o escaneamento digital inicial dos seus dentes em uma visualiza\u00e7\u00e3o 3D personalizada, permitindo que voc\u00ea veja seu sorriso atual e potencial.<br \/><strong>3.Educa\u00e7\u00e3o e Decis\u00e3o<\/strong><b>: <\/b>Compreenda o valor de investir na sua sa\u00fade bucal enquanto seu dentista o orienta pelos benef\u00edcios est\u00e9ticos e de sa\u00fade da ortodontia.<br \/><strong>4.Pronto para Sua Jornada<\/strong><b>: <\/b>Uma vez que voc\u00ea esteja confiante em sua decis\u00e3o, voc\u00ea pode facilmente fazer a transi\u00e7\u00e3o da simula\u00e7\u00e3o para o tratamento, com o apoio de um planejamento personalizado por seu dentistas e SureSmile<sup>\u00ae<\/sup> Aligner.<\/p>\t\t\t\t\t\t\t\t<\/div>\n\t\t\t\t<\/div>\n\t\t\t\t\t<\/div>\n\t\t<\/div>\n\t\t\t\t\t<\/div>\n\t\t<\/section>\n\t\t\t\t<section class=\"elementor-section elementor-top-section elementor-element elementor-element-3871d56 elementor-section-content-middle elementor-section-height-min-height elementor-section-stretched elementor-section-boxed elementor-section-height-default elementor-section-items-middle\" data-id=\"3871d56\" data-element_type=\"section\" data-settings=\"{&quot;background_background&quot;:&quot;classic&quot;,&quot;stretch_section&quot;:&quot;section-stretched&quot;}\">\n\t\t\t\t\t\t<div class=\"elementor-container elementor-column-gap-default\">\n\t\t\t\t\t<div class=\"elementor-column elementor-col-100 elementor-top-column elementor-element elementor-element-a2f51c1\" data-id=\"a2f51c1\" data-element_type=\"column\">\n\t\t\t<div class=\"elementor-widget-wrap elementor-element-populated\">\n\t\t\t\t\t\t<div class=\"elementor-element elementor-element-efda46e elementor-widget elementor-widget-heading\" data-id=\"efda46e\" data-element_type=\"widget\" data-widget_type=\"heading.default\">\n\t\t\t\t<div class=\"elementor-widget-container\">\n\t\t\t\t\t<h2 class=\"elementor-heading-title elementor-size-default\">Inicie Hoje Sua Jornada do Sorriso! <\/h2>\t\t\t\t<\/div>\n\t\t\t\t<\/div>\n\t\t\t\t<div class=\"elementor-element elementor-element-e873934 elementor-widget elementor-widget-text-editor\" data-id=\"e873934\" data-element_type=\"widget\" data-widget_type=\"text-editor.default\">\n\t\t\t\t<div class=\"elementor-widget-container\">\n\t\t\t\t\t\t\t\t\t<p>Pronto para ver seu sorriso potencial? Agende uma consulta com um de nossos dentistas para experimentar o SureSmile\u2122 Simulator. Estamos aqui para capacitar voc\u00ea em seu caminho para um sorriso saud\u00e1vel e confiante!<\/p>\t\t\t\t\t\t\t\t<\/div>\n\t\t\t\t<\/div>\n\t\t\t\t\t<\/div>\n\t\t<\/div>\n\t\t\t\t\t<\/div>\n\t\t<\/section>\n\t\t\t\t<\/div>\n\t\t","protected":false},"excerpt":{"rendered":"<p>SureSmileTM Simulator Veja seu novo sorriso Voc\u00ea est\u00e1 curioso sobre como seu sorriso poderia se transformar com os Alinhadores Transparentes SureSmile? Estamos emocionados em apresentar o SureSmile\u2122 Simulator &#8211; uma aplica\u00e7\u00e3o emocionante projetada para fornecer a voc\u00ea uma visualiza\u00e7\u00e3o 3D personalizada do seu poss\u00edvel novo sorriso! O que \u00e9 o SureSmile\u2122 Simulator? O SureSmile Simulator [&hellip;]<\/p>\n","protected":false},"author":35,"featured_media":0,"parent":0,"menu_order":0,"comment_status":"closed","ping_status":"closed","template":"","meta":{"ocean_post_layout":"","ocean_both_sidebars_style":"","ocean_both_sidebars_content_width":0,"ocean_both_sidebars_sidebars_width":0,"ocean_sidebar":"","ocean_second_sidebar":"","ocean_disable_margins":"enable","ocean_add_body_class":"","ocean_shortcode_before_top_bar":"","ocean_shortcode_after_top_bar":"","ocean_shortcode_before_header":"","ocean_shortcode_after_header":"","ocean_has_shortcode":"","ocean_shortcode_after_title":"","ocean_shortcode_before_footer_widgets":"","ocean_shortcode_after_footer_widgets":"","ocean_shortcode_before_footer_bottom":"","ocean_shortcode_after_footer_bottom":"","ocean_display_top_bar":"default","ocean_display_header":"default","ocean_header_style":"","ocean_center_header_left_menu":"","ocean_custom_header_template":"","ocean_custom_logo":0,"ocean_custom_retina_logo":0,"ocean_custom_logo_max_width":0,"ocean_custom_logo_tablet_max_width":0,"ocean_custom_logo_mobile_max_width":0,"ocean_custom_logo_max_height":0,"ocean_custom_logo_tablet_max_height":0,"ocean_custom_logo_mobile_max_height":0,"ocean_header_custom_menu":"","ocean_menu_typo_font_family":"","ocean_menu_typo_font_subset":"","ocean_menu_typo_font_size":0,"ocean_menu_typo_font_size_tablet":0,"ocean_menu_typo_font_size_mobile":0,"ocean_menu_typo_font_size_unit":"px","ocean_menu_typo_font_weight":"","ocean_menu_typo_font_weight_tablet":"","ocean_menu_typo_font_weight_mobile":"","ocean_menu_typo_transform":"","ocean_menu_typo_transform_tablet":"","ocean_menu_typo_transform_mobile":"","ocean_menu_typo_line_height":0,"ocean_menu_typo_line_height_tablet":0,"ocean_menu_typo_line_height_mobile":0,"ocean_menu_typo_line_height_unit":"","ocean_menu_typo_spacing":0,"ocean_menu_typo_spacing_tablet":0,"ocean_menu_typo_spacing_mobile":0,"ocean_menu_typo_spacing_unit":"","ocean_menu_link_color":"","ocean_menu_link_color_hover":"","ocean_menu_link_color_active":"","ocean_menu_link_background":"","ocean_menu_link_hover_background":"","ocean_menu_link_active_background":"","ocean_menu_social_links_bg":"","ocean_menu_social_hover_links_bg":"","ocean_menu_social_links_color":"","ocean_menu_social_hover_links_color":"","ocean_disable_title":"default","ocean_disable_heading":"default","ocean_post_title":"","ocean_post_subheading":"","ocean_post_title_style":"","ocean_post_title_background_color":"","ocean_post_title_background":0,"ocean_post_title_bg_image_position":"","ocean_post_title_bg_image_attachment":"","ocean_post_title_bg_image_repeat":"","ocean_post_title_bg_image_size":"","ocean_post_title_height":0,"ocean_post_title_bg_overlay":0.5,"ocean_post_title_bg_overlay_color":"","ocean_disable_breadcrumbs":"default","ocean_breadcrumbs_color":"","ocean_breadcrumbs_separator_color":"","ocean_breadcrumbs_links_color":"","ocean_breadcrumbs_links_hover_color":"","ocean_display_footer_widgets":"default","ocean_display_footer_bottom":"default","ocean_custom_footer_template":"","footnotes":""},"class_list":["post-98639","page","type-page","status-publish","hentry","entry"],"yoast_head":"<!-- This site is optimized with the Yoast SEO plugin v24.7 - https:\/\/yoast.com\/wordpress\/plugins\/seo\/ -->\n<title>SureSmile Simulator - Suresmile Brasil<\/title>\n<meta name=\"robots\" content=\"noindex, follow, max-snippet:-1, max-image-preview:large, max-video-preview:-1\" \/>\n<meta property=\"og:locale\" content=\"en_US\" \/>\n<meta property=\"og:type\" content=\"article\" \/>\n<meta property=\"og:title\" content=\"SureSmile Simulator - Suresmile Brasil\" \/>\n<meta property=\"og:description\" content=\"SureSmileTM Simulator Veja seu novo sorriso Voc\u00ea est\u00e1 curioso sobre como seu sorriso poderia se transformar com os Alinhadores Transparentes SureSmile? Estamos emocionados em apresentar o SureSmile\u2122 Simulator &#8211; uma aplica\u00e7\u00e3o emocionante projetada para fornecer a voc\u00ea uma visualiza\u00e7\u00e3o 3D personalizada do seu poss\u00edvel novo sorriso! O que \u00e9 o SureSmile\u2122 Simulator? O SureSmile Simulator [&hellip;]\" \/>\n<meta property=\"og:url\" content=\"https:\/\/www.suresmile.com\/pt-br\/suresmile-simulator\/\" \/>\n<meta property=\"og:site_name\" content=\"Suresmile Brasil\" \/>\n<meta property=\"article:modified_time\" content=\"2024-04-26T09:25:09+00:00\" \/>\n<meta name=\"twitter:card\" content=\"summary_large_image\" \/>\n<meta name=\"twitter:label1\" content=\"Est. reading time\" \/>\n\t<meta name=\"twitter:data1\" content=\"2 minutes\" \/>\n<script type=\"application\/ld+json\" class=\"yoast-schema-graph\">{\"@context\":\"https:\/\/schema.org\",\"@graph\":[{\"@type\":\"WebPage\",\"@id\":\"https:\/\/www.suresmile.com\/pt-br\/suresmile-simulator\/\",\"url\":\"https:\/\/www.suresmile.com\/pt-br\/suresmile-simulator\/\",\"name\":\"SureSmile Simulator - Suresmile Brasil\",\"isPartOf\":{\"@id\":\"https:\/\/www.suresmile.com\/pt-br\/#website\"},\"datePublished\":\"2024-04-26T09:02:05+00:00\",\"dateModified\":\"2024-04-26T09:25:09+00:00\",\"breadcrumb\":{\"@id\":\"https:\/\/www.suresmile.com\/pt-br\/suresmile-simulator\/#breadcrumb\"},\"inLanguage\":\"en-US\",\"potentialAction\":[{\"@type\":\"ReadAction\",\"target\":[\"https:\/\/www.suresmile.com\/pt-br\/suresmile-simulator\/\"]}]},{\"@type\":\"BreadcrumbList\",\"@id\":\"https:\/\/www.suresmile.com\/pt-br\/suresmile-simulator\/#breadcrumb\",\"itemListElement\":[{\"@type\":\"ListItem\",\"position\":1,\"name\":\"Home\",\"item\":\"https:\/\/www.suresmile.com\/pt-br\/\"},{\"@type\":\"ListItem\",\"position\":2,\"name\":\"SureSmile Simulator\"}]},{\"@type\":\"WebSite\",\"@id\":\"https:\/\/www.suresmile.com\/pt-br\/#website\",\"url\":\"https:\/\/www.suresmile.com\/pt-br\/\",\"name\":\"Suresmile USA\",\"description\":\"\",\"publisher\":{\"@id\":\"https:\/\/www.suresmile.com\/pt-br\/#organization\"},\"potentialAction\":[{\"@type\":\"SearchAction\",\"target\":{\"@type\":\"EntryPoint\",\"urlTemplate\":\"https:\/\/www.suresmile.com\/pt-br\/?s={search_term_string}\"},\"query-input\":{\"@type\":\"PropertyValueSpecification\",\"valueRequired\":true,\"valueName\":\"search_term_string\"}}],\"inLanguage\":\"en-US\"},{\"@type\":\"Organization\",\"@id\":\"https:\/\/www.suresmile.com\/pt-br\/#organization\",\"name\":\"Suresmile\",\"url\":\"https:\/\/www.suresmile.com\/pt-br\/\",\"logo\":{\"@type\":\"ImageObject\",\"inLanguage\":\"en-US\",\"@id\":\"https:\/\/www.suresmile.com\/pt-br\/#\/schema\/logo\/image\/\",\"url\":\"https:\/\/www.suresmile.com\/pt-br\/wp-content\/uploads\/sites\/57\/2024\/11\/cropped-SS-Logo_Gray.png\",\"contentUrl\":\"https:\/\/www.suresmile.com\/pt-br\/wp-content\/uploads\/sites\/57\/2024\/11\/cropped-SS-Logo_Gray.png\",\"width\":1200,\"height\":234,\"caption\":\"Suresmile\"},\"image\":{\"@id\":\"https:\/\/www.suresmile.com\/pt-br\/#\/schema\/logo\/image\/\"}}]}<\/script>\n<!-- \/ Yoast SEO plugin. -->","yoast_head_json":{"title":"SureSmile Simulator - Suresmile Brasil","robots":{"index":"noindex","follow":"follow","max-snippet":"max-snippet:-1","max-image-preview":"max-image-preview:large","max-video-preview":"max-video-preview:-1"},"og_locale":"en_US","og_type":"article","og_title":"SureSmile Simulator - Suresmile Brasil","og_description":"SureSmileTM Simulator Veja seu novo sorriso Voc\u00ea est\u00e1 curioso sobre como seu sorriso poderia se transformar com os Alinhadores Transparentes SureSmile? Estamos emocionados em apresentar o SureSmile\u2122 Simulator &#8211; uma aplica\u00e7\u00e3o emocionante projetada para fornecer a voc\u00ea uma visualiza\u00e7\u00e3o 3D personalizada do seu poss\u00edvel novo sorriso! O que \u00e9 o SureSmile\u2122 Simulator? O SureSmile Simulator [&hellip;]","og_url":"https:\/\/www.suresmile.com\/pt-br\/suresmile-simulator\/","og_site_name":"Suresmile Brasil","article_modified_time":"2024-04-26T09:25:09+00:00","twitter_card":"summary_large_image","twitter_misc":{"Est. reading time":"2 minutes"},"schema":{"@context":"https:\/\/schema.org","@graph":[{"@type":"WebPage","@id":"https:\/\/www.suresmile.com\/pt-br\/suresmile-simulator\/","url":"https:\/\/www.suresmile.com\/pt-br\/suresmile-simulator\/","name":"SureSmile Simulator - Suresmile Brasil","isPartOf":{"@id":"https:\/\/www.suresmile.com\/pt-br\/#website"},"datePublished":"2024-04-26T09:02:05+00:00","dateModified":"2024-04-26T09:25:09+00:00","breadcrumb":{"@id":"https:\/\/www.suresmile.com\/pt-br\/suresmile-simulator\/#breadcrumb"},"inLanguage":"en-US","potentialAction":[{"@type":"ReadAction","target":["https:\/\/www.suresmile.com\/pt-br\/suresmile-simulator\/"]}]},{"@type":"BreadcrumbList","@id":"https:\/\/www.suresmile.com\/pt-br\/suresmile-simulator\/#breadcrumb","itemListElement":[{"@type":"ListItem","position":1,"name":"Home","item":"https:\/\/www.suresmile.com\/pt-br\/"},{"@type":"ListItem","position":2,"name":"SureSmile Simulator"}]},{"@type":"WebSite","@id":"https:\/\/www.suresmile.com\/pt-br\/#website","url":"https:\/\/www.suresmile.com\/pt-br\/","name":"Suresmile USA","description":"","publisher":{"@id":"https:\/\/www.suresmile.com\/pt-br\/#organization"},"potentialAction":[{"@type":"SearchAction","target":{"@type":"EntryPoint","urlTemplate":"https:\/\/www.suresmile.com\/pt-br\/?s={search_term_string}"},"query-input":{"@type":"PropertyValueSpecification","valueRequired":true,"valueName":"search_term_string"}}],"inLanguage":"en-US"},{"@type":"Organization","@id":"https:\/\/www.suresmile.com\/pt-br\/#organization","name":"Suresmile","url":"https:\/\/www.suresmile.com\/pt-br\/","logo":{"@type":"ImageObject","inLanguage":"en-US","@id":"https:\/\/www.suresmile.com\/pt-br\/#\/schema\/logo\/image\/","url":"https:\/\/www.suresmile.com\/pt-br\/wp-content\/uploads\/sites\/57\/2024\/11\/cropped-SS-Logo_Gray.png","contentUrl":"https:\/\/www.suresmile.com\/pt-br\/wp-content\/uploads\/sites\/57\/2024\/11\/cropped-SS-Logo_Gray.png","width":1200,"height":234,"caption":"Suresmile"},"image":{"@id":"https:\/\/www.suresmile.com\/pt-br\/#\/schema\/logo\/image\/"}}]}},"_links":{"self":[{"href":"https:\/\/www.suresmile.com\/pt-br\/wp-json\/wp\/v2\/pages\/98639","targetHints":{"allow":["GET"]}}],"collection":[{"href":"https:\/\/www.suresmile.com\/pt-br\/wp-json\/wp\/v2\/pages"}],"about":[{"href":"https:\/\/www.suresmile.com\/pt-br\/wp-json\/wp\/v2\/types\/page"}],"author":[{"embeddable":true,"href":"https:\/\/www.suresmile.com\/pt-br\/wp-json\/wp\/v2\/users\/35"}],"replies":[{"embeddable":true,"href":"https:\/\/www.suresmile.com\/pt-br\/wp-json\/wp\/v2\/comments?post=98639"}],"version-history":[{"count":7,"href":"https:\/\/www.suresmile.com\/pt-br\/wp-json\/wp\/v2\/pages\/98639\/revisions"}],"predecessor-version":[{"id":98651,"href":"https:\/\/www.suresmile.com\/pt-br\/wp-json\/wp\/v2\/pages\/98639\/revisions\/98651"}],"wp:attachment":[{"href":"https:\/\/www.suresmile.com\/pt-br\/wp-json\/wp\/v2\/media?parent=98639"}],"curies":[{"name":"wp","href":"https:\/\/api.w.org\/{rel}","templated":true}]}}